{"id":4893,"date":"2024-10-04T14:23:28","date_gmt":"2024-10-04T14:23:28","guid":{"rendered":"https:\/\/www.forenova.com\/reports\/"},"modified":"2026-03-27T10:05:01","modified_gmt":"2026-03-27T10:05:01","slug":"reports","status":"publish","type":"page","link":"https:\/\/www.forenova.com\/de\/reports\/","title":{"rendered":"Reports de"},"content":{"rendered":"\t\t<div data-elementor-type=\"wp-page\" data-elementor-id=\"4893\" class=\"elementor elementor-4893 elementor-138\" data-elementor-post-type=\"page\">\n\t\t\t\t<div class=\"elementor-element elementor-element-f4f5715 e-con-full Banner-career star-element e-flex e-con e-parent\" data-id=\"f4f5715\" data-element_type=\"container\" data-e-type=\"container\" data-settings=\"{&quot;background_background&quot;:&quot;classic&quot;}\">\n\t\t<div class=\"elementor-element elementor-element-2098c00 e-flex e-con-boxed e-con e-child\" data-id=\"2098c00\" data-element_type=\"container\" data-e-type=\"container\">\n\t\t\t\t\t<div class=\"e-con-inner\">\n\t\t<div class=\"elementor-element elementor-element-894f26b e-con-full e-flex e-con e-child\" data-id=\"894f26b\" data-element_type=\"container\" data-e-type=\"container\" data-settings=\"{&quot;background_background&quot;:&quot;classic&quot;}\">\n\t\t\t\t<div class=\"elementor-element elementor-element-d54750f elementor-widget elementor-widget-heading\" data-id=\"d54750f\" data-element_type=\"widget\" data-e-type=\"widget\" data-widget_type=\"heading.default\">\n\t\t\t\t<div class=\"elementor-widget-container\">\n\t\t\t\t\t<h1 class=\"elementor-heading-title elementor-size-default\">Berichte<\/h1>\t\t\t\t<\/div>\n\t\t\t\t<\/div>\n\t\t\t\t<\/div>\n\t\t\t\t<div class=\"elementor-element elementor-element-814371b elementor-absolute clip-img full-img elementor-widget__width-initial elementor-widget elementor-widget-image\" data-id=\"814371b\" data-element_type=\"widget\" data-e-type=\"widget\" data-settings=\"{&quot;_position&quot;:&quot;absolute&quot;}\" data-widget_type=\"image.default\">\n\t\t\t\t<div class=\"elementor-widget-container\">\n\t\t\t\t\t\t\t\t\t\t\t\t\t\t\t<img fetchpriority=\"high\" decoding=\"async\" width=\"640\" height=\"369\" src=\"https:\/\/www.forenova.com\/wp-content\/uploads\/2025\/06\/masthead-company-information-1-1024x591.webp\" class=\"attachment-large size-large wp-image-10866\" alt=\"masthead\" srcset=\"https:\/\/www.forenova.com\/wp-content\/uploads\/2025\/06\/masthead-company-information-1-1024x591.webp 1024w, https:\/\/www.forenova.com\/wp-content\/uploads\/2025\/06\/masthead-company-information-1-300x173.webp 300w, https:\/\/www.forenova.com\/wp-content\/uploads\/2025\/06\/masthead-company-information-1-768x443.webp 768w, https:\/\/www.forenova.com\/wp-content\/uploads\/2025\/06\/masthead-company-information-1-1536x887.webp 1536w, https:\/\/www.forenova.com\/wp-content\/uploads\/2025\/06\/masthead-company-information-1.webp 1656w\" sizes=\"(max-width: 640px) 100vw, 640px\" \/>\t\t\t\t\t\t\t\t\t\t\t\t\t\t\t<\/div>\n\t\t\t\t<\/div>\n\t\t\t\t\t<\/div>\n\t\t\t\t<\/div>\n\t\t\t\t<\/div>\n\t\t<div class=\"elementor-element elementor-element-fe7b683 e-flex e-con-boxed e-con e-parent\" data-id=\"fe7b683\" data-element_type=\"container\" data-e-type=\"container\">\n\t\t\t\t\t<div class=\"e-con-inner\">\n\t\t\t\t<div class=\"elementor-element elementor-element-e00d34f elementor-widget elementor-widget-heading\" data-id=\"e00d34f\" data-element_type=\"widget\" data-e-type=\"widget\" data-widget_type=\"heading.default\">\n\t\t\t\t<div class=\"elementor-widget-container\">\n\t\t\t\t\t<h2 class=\"elementor-heading-title elementor-size-default\">Muster eines Monatsberichts<\/h2>\t\t\t\t<\/div>\n\t\t\t\t<\/div>\n\t\t\t\t<div class=\"elementor-element elementor-element-feac3fc report-embed elementor-widget elementor-widget-html\" data-id=\"feac3fc\" data-element_type=\"widget\" data-e-type=\"widget\" data-widget_type=\"html.default\">\n\t\t\t\t<div class=\"elementor-widget-container\">\n\t\t\t\t\t<div style=\"position: relative; padding-bottom: calc(77.30337078651685% + 41px); height: 0; width: 80%; margin: 0 auto;\"><iframe src=\"https:\/\/demo.arcade.software\/upxqh58FjNfgCihzvATr?embed&show_copy_link=true\" title=\"Report - Monthly\" frameborder=\"0\" loading=\"lazy\" webkitallowfullscreen mozallowfullscreen allowfullscreen allow=\"clipboard-write\" style=\"position: absolute; top: 0; left: 0; width: 100%; height: 100%;color-scheme: light;\"><\/iframe><\/div>\t\t\t\t<\/div>\n\t\t\t\t<\/div>\n\t\t\t\t\t<\/div>\n\t\t\t\t<\/div>\n\t\t<div class=\"elementor-element elementor-element-c7503cc e-flex e-con-boxed e-con e-parent\" data-id=\"c7503cc\" data-element_type=\"container\" data-e-type=\"container\">\n\t\t\t\t\t<div class=\"e-con-inner\">\n\t\t\t\t<div class=\"elementor-element elementor-element-222a439 elementor-widget elementor-widget-heading\" data-id=\"222a439\" data-element_type=\"widget\" data-e-type=\"widget\" data-widget_type=\"heading.default\">\n\t\t\t\t<div class=\"elementor-widget-container\">\n\t\t\t\t\t<h2 class=\"elementor-heading-title elementor-size-default\">Muster eines Penetrationstestberichts<\/h2>\t\t\t\t<\/div>\n\t\t\t\t<\/div>\n\t\t\t\t<div class=\"elementor-element elementor-element-85272cc report-embed elementor-widget elementor-widget-html\" data-id=\"85272cc\" data-element_type=\"widget\" data-e-type=\"widget\" data-widget_type=\"html.default\">\n\t\t\t\t<div class=\"elementor-widget-container\">\n\t\t\t\t\t<div style=\"position: relative; padding-bottom: calc(77.18773373223635% + 41px); height: 0; width: 80%; margin: 0 auto;\"><iframe src=\"https:\/\/demo.arcade.software\/Ell1BcCsd0w6m90pA5Kc?embed&show_copy_link=true\" title=\"Report - Incident German\" frameborder=\"0\" loading=\"lazy\" webkitallowfullscreen mozallowfullscreen allowfullscreen allow=\"clipboard-write\" style=\"position: absolute; top: 0; left: 0; width: 100%; height: 100%;color-scheme: light;\"><\/iframe><\/div>\t\t\t\t<\/div>\n\t\t\t\t<\/div>\n\t\t\t\t\t<\/div>\n\t\t\t\t<\/div>\n\t\t<div class=\"elementor-element elementor-element-1e005b8 e-flex e-con-boxed e-con e-parent\" data-id=\"1e005b8\" data-element_type=\"container\" data-e-type=\"container\">\n\t\t\t\t\t<div class=\"e-con-inner\">\n\t\t\t\t<div class=\"elementor-element elementor-element-6c62545 elementor-widget elementor-widget-heading\" data-id=\"6c62545\" data-element_type=\"widget\" data-e-type=\"widget\" data-widget_type=\"heading.default\">\n\t\t\t\t<div class=\"elementor-widget-container\">\n\t\t\t\t\t<h2 class=\"elementor-heading-title elementor-size-default\">Berichte \u00fcber Vorf\u00e4lle<\/h2>\t\t\t\t<\/div>\n\t\t\t\t<\/div>\n\t\t\t\t<div class=\"elementor-element elementor-element-d29ff74 report-embed elementor-widget elementor-widget-html\" data-id=\"d29ff74\" data-element_type=\"widget\" data-e-type=\"widget\" data-widget_type=\"html.default\">\n\t\t\t\t<div class=\"elementor-widget-container\">\n\t\t\t\t\t<div style=\"position: relative; padding-bottom: calc(77.18773373223635% + 41px); height: 0; width: 80%; margin: 0 auto;\"><iframe src=\"https:\/\/demo.arcade.software\/Ell1BcCsd0w6m90pA5Kc?embed&show_copy_link=true\" title=\"Report - Incident German\" frameborder=\"0\" loading=\"lazy\" webkitallowfullscreen mozallowfullscreen allowfullscreen allow=\"clipboard-write\" style=\"position: absolute; top: 0; left: 0; width: 100%; height: 100%;color-scheme: light;\"><\/iframe><\/div>\t\t\t\t<\/div>\n\t\t\t\t<\/div>\n\t\t\t\t\t<\/div>\n\t\t\t\t<\/div>\n\t\t<div class=\"elementor-element elementor-element-efa0129 e-flex e-con-boxed e-con e-parent\" data-id=\"efa0129\" data-element_type=\"container\" data-e-type=\"container\" data-settings=\"{&quot;background_background&quot;:&quot;classic&quot;}\">\n\t\t\t\t\t<div class=\"e-con-inner\">\n\t\t<div class=\"elementor-element elementor-element-fa1c684 e-con-full e-flex e-con e-child\" data-id=\"fa1c684\" data-element_type=\"container\" data-e-type=\"container\">\n\t\t\t\t<div class=\"elementor-element elementor-element-cf793fb elementor-widget__width-auto elementor-widget-mobile__width-inherit elementor-widget elementor-widget-image\" data-id=\"cf793fb\" data-element_type=\"widget\" data-e-type=\"widget\" data-widget_type=\"image.default\">\n\t\t\t\t<div class=\"elementor-widget-container\">\n\t\t\t\t\t\t\t\t\t\t\t\t\t\t\t<img decoding=\"async\" width=\"640\" height=\"646\" src=\"https:\/\/www.forenova.com\/wp-content\/uploads\/2024\/12\/accent-secondary-forenova.svg\" class=\"attachment-large size-large wp-image-7165\" alt=\"star logo\" \/>\t\t\t\t\t\t\t\t\t\t\t\t\t\t\t<\/div>\n\t\t\t\t<\/div>\n\t\t\t\t<\/div>\n\t\t<div class=\"elementor-element elementor-element-b0f5130 e-con-full e-flex e-con e-child\" data-id=\"b0f5130\" data-element_type=\"container\" data-e-type=\"container\" data-settings=\"{&quot;background_background&quot;:&quot;classic&quot;}\">\n\t\t\t\t<div class=\"elementor-element elementor-element-8c77b5e elementor-widget elementor-widget-heading\" data-id=\"8c77b5e\" data-element_type=\"widget\" data-e-type=\"widget\" data-widget_type=\"heading.default\">\n\t\t\t\t<div class=\"elementor-widget-container\">\n\t\t\t\t\t<h2 class=\"elementor-heading-title elementor-size-default\">Erkennen und sch\u00fctzen.<\/h2>\t\t\t\t<\/div>\n\t\t\t\t<\/div>\n\t\t\t\t<div class=\"elementor-element elementor-element-9520155 elementor-widget elementor-widget-text-editor\" data-id=\"9520155\" data-element_type=\"widget\" data-e-type=\"widget\" data-widget_type=\"text-editor.default\">\n\t\t\t\t<div class=\"elementor-widget-container\">\n\t\t\t\t\t\t\t\t\t<p>ForeNova stellt f\u00fcr Unternehmen eine neue M\u00f6glichkeit dar, unerbittlichen und oft unentdeckten Cyber-Bedrohungen, die aus allen Richtungen kommen, ein Ende zu setzen. Mit der einheitlichen Kommandozentrale von ForeNova k\u00f6nnen Unternehmen Bedrohungen erkennen, die sich bereits in ihrem Netzwerk befinden und bisher unbekannt waren.<\/p>\t\t\t\t\t\t\t\t<\/div>\n\t\t\t\t<\/div>\n\t\t\t\t<div class=\"elementor-element elementor-element-a3a96b7 elementor-widget__width-auto elementor-mobile-align-center elementor-widget-mobile__width-inherit elementor-widget elementor-widget-button\" data-id=\"a3a96b7\" data-element_type=\"widget\" data-e-type=\"widget\" data-widget_type=\"button.default\">\n\t\t\t\t<div class=\"elementor-widget-container\">\n\t\t\t\t\t\t\t\t\t<div class=\"elementor-button-wrapper\">\n\t\t\t\t\t<a class=\"elementor-button elementor-button-link elementor-size-sm\" href=\"https:\/\/www.forenova.com\/de\/request-a-demo\/\">\n\t\t\t\t\t\t<span class=\"elementor-button-content-wrapper\">\n\t\t\t\t\t\t\t\t\t<span class=\"elementor-button-text\">DEMO ANFORDERN<\/span>\n\t\t\t\t\t<\/span>\n\t\t\t\t\t<\/a>\n\t\t\t\t<\/div>\n\t\t\t\t\t\t\t\t<\/div>\n\t\t\t\t<\/div>\n\t\t\t\t<\/div>\n\t\t\t\t\t<\/div>\n\t\t\t\t<\/div>\n\t\t\t\t<\/div>\n\t\t","protected":false},"excerpt":{"rendered":"<p>Berichte Muster eines Monatsberichts Muster eines Penetrationstestberichts Berichte \u00fcber Vorf\u00e4lle Erkennen und sch\u00fctzen. ForeNova stellt f\u00fcr Unternehmen eine neue M\u00f6glichkeit dar, unerbittlichen und oft unentdeckten Cyber-Bedrohungen, die aus allen Richtungen kommen, ein Ende zu setzen. Mit der einheitlichen Kommandozentrale von ForeNova k\u00f6nnen Unternehmen Bedrohungen erkennen, die sich bereits in ihrem Netzwerk befinden und bisher unbekannt [&hellip;]<\/p>\n","protected":false},"author":1,"featured_media":0,"parent":0,"menu_order":0,"comment_status":"closed","ping_status":"closed","template":"elementor_header_footer","meta":{"_acf_changed":false,"inline_featured_image":false,"footnotes":""},"class_list":["post-4893","page","type-page","status-publish","hentry"],"acf":[],"yoast_head":"<!-- This site is optimized with the Yoast SEO plugin v27.5 - https:\/\/yoast.com\/product\/yoast-seo-wordpress\/ -->\n<title>Reports de - Forenova<\/title>\n<meta name=\"description\" content=\"Reports von ForeNova liefern datenbasierte Einblicke in Cyberbedrohungen, Angriffe und Sicherheitsstrategien.\" \/>\n<meta name=\"robots\" content=\"index, follow, max-snippet:-1, max-image-preview:large, max-video-preview:-1\" \/>\n<link rel=\"canonical\" href=\"https:\/\/www.forenova.com\/de\/reports\/\" \/>\n<meta property=\"og:locale\" content=\"de_DE\" \/>\n<meta property=\"og:type\" content=\"article\" \/>\n<meta property=\"og:title\" content=\"Reports de - Forenova\" \/>\n<meta property=\"og:description\" content=\"Reports von ForeNova liefern datenbasierte Einblicke in Cyberbedrohungen, Angriffe und Sicherheitsstrategien.\" \/>\n<meta property=\"og:url\" content=\"https:\/\/www.forenova.com\/de\/reports\/\" \/>\n<meta property=\"og:site_name\" content=\"Forenova\" \/>\n<meta property=\"article:modified_time\" content=\"2026-03-27T10:05:01+00:00\" \/>\n<meta property=\"og:image\" content=\"https:\/\/www.forenova.com\/wp-content\/uploads\/2025\/06\/masthead-company-information-1-1024x591.webp\" \/>\n<meta name=\"twitter:card\" content=\"summary_large_image\" \/>\n<meta name=\"twitter:label1\" content=\"Est. reading time\" \/>\n\t<meta name=\"twitter:data1\" content=\"1 Minute\" \/>\n<script type=\"application\/ld+json\" class=\"yoast-schema-graph\">{\"@context\":\"https:\\\/\\\/schema.org\",\"@graph\":[{\"@type\":\"WebPage\",\"@id\":\"https:\\\/\\\/www.forenova.com\\\/de\\\/reports\\\/\",\"url\":\"https:\\\/\\\/www.forenova.com\\\/de\\\/reports\\\/\",\"name\":\"Reports de - Forenova\",\"isPartOf\":{\"@id\":\"https:\\\/\\\/www.forenova.com\\\/de\\\/#website\"},\"primaryImageOfPage\":{\"@id\":\"https:\\\/\\\/www.forenova.com\\\/de\\\/reports\\\/#primaryimage\"},\"image\":{\"@id\":\"https:\\\/\\\/www.forenova.com\\\/de\\\/reports\\\/#primaryimage\"},\"thumbnailUrl\":\"https:\\\/\\\/www.forenova.com\\\/wp-content\\\/uploads\\\/2025\\\/06\\\/masthead-company-information-1-1024x591.webp\",\"datePublished\":\"2024-10-04T14:23:28+00:00\",\"dateModified\":\"2026-03-27T10:05:01+00:00\",\"description\":\"Reports von ForeNova liefern datenbasierte Einblicke in Cyberbedrohungen, Angriffe und Sicherheitsstrategien.\",\"breadcrumb\":{\"@id\":\"https:\\\/\\\/www.forenova.com\\\/de\\\/reports\\\/#breadcrumb\"},\"inLanguage\":\"de-DE\",\"potentialAction\":[{\"@type\":\"ReadAction\",\"target\":[\"https:\\\/\\\/www.forenova.com\\\/de\\\/reports\\\/\"]}]},{\"@type\":\"ImageObject\",\"inLanguage\":\"de-DE\",\"@id\":\"https:\\\/\\\/www.forenova.com\\\/de\\\/reports\\\/#primaryimage\",\"url\":\"https:\\\/\\\/www.forenova.com\\\/wp-content\\\/uploads\\\/2025\\\/06\\\/masthead-company-information-1-1024x591.webp\",\"contentUrl\":\"https:\\\/\\\/www.forenova.com\\\/wp-content\\\/uploads\\\/2025\\\/06\\\/masthead-company-information-1-1024x591.webp\"},{\"@type\":\"BreadcrumbList\",\"@id\":\"https:\\\/\\\/www.forenova.com\\\/de\\\/reports\\\/#breadcrumb\",\"itemListElement\":[{\"@type\":\"ListItem\",\"position\":1,\"name\":\"Home\",\"item\":\"https:\\\/\\\/www.forenova.com\\\/de\\\/\"},{\"@type\":\"ListItem\",\"position\":2,\"name\":\"Reports de\"}]},{\"@type\":\"WebSite\",\"@id\":\"https:\\\/\\\/www.forenova.com\\\/de\\\/#website\",\"url\":\"https:\\\/\\\/www.forenova.com\\\/de\\\/\",\"name\":\"Forenova\",\"description\":\"Forenova\",\"publisher\":{\"@id\":\"https:\\\/\\\/www.forenova.com\\\/de\\\/#organization\"},\"potentialAction\":[{\"@type\":\"SearchAction\",\"target\":{\"@type\":\"EntryPoint\",\"urlTemplate\":\"https:\\\/\\\/www.forenova.com\\\/de\\\/?s={search_term_string}\"},\"query-input\":{\"@type\":\"PropertyValueSpecification\",\"valueRequired\":true,\"valueName\":\"search_term_string\"}}],\"inLanguage\":\"de-DE\"},{\"@type\":\"Organization\",\"@id\":\"https:\\\/\\\/www.forenova.com\\\/de\\\/#organization\",\"name\":\"Forenova\",\"url\":\"https:\\\/\\\/www.forenova.com\\\/de\\\/\",\"logo\":{\"@type\":\"ImageObject\",\"inLanguage\":\"de-DE\",\"@id\":\"https:\\\/\\\/www.forenova.com\\\/de\\\/#\\\/schema\\\/logo\\\/image\\\/\",\"url\":\"https:\\\/\\\/www.forenova.com\\\/wp-content\\\/uploads\\\/2024\\\/10\\\/ForeNova_logo.webp\",\"contentUrl\":\"https:\\\/\\\/www.forenova.com\\\/wp-content\\\/uploads\\\/2024\\\/10\\\/ForeNova_logo.webp\",\"width\":230,\"height\":41,\"caption\":\"Forenova\"},\"image\":{\"@id\":\"https:\\\/\\\/www.forenova.com\\\/de\\\/#\\\/schema\\\/logo\\\/image\\\/\"}}]}<\/script>\n<!-- \/ Yoast SEO plugin. -->","yoast_head_json":{"title":"Reports de - Forenova","description":"Reports von ForeNova liefern datenbasierte Einblicke in Cyberbedrohungen, Angriffe und Sicherheitsstrategien.","robots":{"index":"index","follow":"follow","max-snippet":"max-snippet:-1","max-image-preview":"max-image-preview:large","max-video-preview":"max-video-preview:-1"},"canonical":"https:\/\/www.forenova.com\/de\/reports\/","og_locale":"de_DE","og_type":"article","og_title":"Reports de - Forenova","og_description":"Reports von ForeNova liefern datenbasierte Einblicke in Cyberbedrohungen, Angriffe und Sicherheitsstrategien.","og_url":"https:\/\/www.forenova.com\/de\/reports\/","og_site_name":"Forenova","article_modified_time":"2026-03-27T10:05:01+00:00","og_image":[{"url":"https:\/\/www.forenova.com\/wp-content\/uploads\/2025\/06\/masthead-company-information-1-1024x591.webp","type":"","width":"","height":""}],"twitter_card":"summary_large_image","twitter_misc":{"Est. reading time":"1 Minute"},"schema":{"@context":"https:\/\/schema.org","@graph":[{"@type":"WebPage","@id":"https:\/\/www.forenova.com\/de\/reports\/","url":"https:\/\/www.forenova.com\/de\/reports\/","name":"Reports de - Forenova","isPartOf":{"@id":"https:\/\/www.forenova.com\/de\/#website"},"primaryImageOfPage":{"@id":"https:\/\/www.forenova.com\/de\/reports\/#primaryimage"},"image":{"@id":"https:\/\/www.forenova.com\/de\/reports\/#primaryimage"},"thumbnailUrl":"https:\/\/www.forenova.com\/wp-content\/uploads\/2025\/06\/masthead-company-information-1-1024x591.webp","datePublished":"2024-10-04T14:23:28+00:00","dateModified":"2026-03-27T10:05:01+00:00","description":"Reports von ForeNova liefern datenbasierte Einblicke in Cyberbedrohungen, Angriffe und Sicherheitsstrategien.","breadcrumb":{"@id":"https:\/\/www.forenova.com\/de\/reports\/#breadcrumb"},"inLanguage":"de-DE","potentialAction":[{"@type":"ReadAction","target":["https:\/\/www.forenova.com\/de\/reports\/"]}]},{"@type":"ImageObject","inLanguage":"de-DE","@id":"https:\/\/www.forenova.com\/de\/reports\/#primaryimage","url":"https:\/\/www.forenova.com\/wp-content\/uploads\/2025\/06\/masthead-company-information-1-1024x591.webp","contentUrl":"https:\/\/www.forenova.com\/wp-content\/uploads\/2025\/06\/masthead-company-information-1-1024x591.webp"},{"@type":"BreadcrumbList","@id":"https:\/\/www.forenova.com\/de\/reports\/#breadcrumb","itemListElement":[{"@type":"ListItem","position":1,"name":"Home","item":"https:\/\/www.forenova.com\/de\/"},{"@type":"ListItem","position":2,"name":"Reports de"}]},{"@type":"WebSite","@id":"https:\/\/www.forenova.com\/de\/#website","url":"https:\/\/www.forenova.com\/de\/","name":"Forenova","description":"Forenova","publisher":{"@id":"https:\/\/www.forenova.com\/de\/#organization"},"potentialAction":[{"@type":"SearchAction","target":{"@type":"EntryPoint","urlTemplate":"https:\/\/www.forenova.com\/de\/?s={search_term_string}"},"query-input":{"@type":"PropertyValueSpecification","valueRequired":true,"valueName":"search_term_string"}}],"inLanguage":"de-DE"},{"@type":"Organization","@id":"https:\/\/www.forenova.com\/de\/#organization","name":"Forenova","url":"https:\/\/www.forenova.com\/de\/","logo":{"@type":"ImageObject","inLanguage":"de-DE","@id":"https:\/\/www.forenova.com\/de\/#\/schema\/logo\/image\/","url":"https:\/\/www.forenova.com\/wp-content\/uploads\/2024\/10\/ForeNova_logo.webp","contentUrl":"https:\/\/www.forenova.com\/wp-content\/uploads\/2024\/10\/ForeNova_logo.webp","width":230,"height":41,"caption":"Forenova"},"image":{"@id":"https:\/\/www.forenova.com\/de\/#\/schema\/logo\/image\/"}}]}},"_links":{"self":[{"href":"https:\/\/www.forenova.com\/de\/wp-json\/wp\/v2\/pages\/4893","targetHints":{"allow":["GET"]}}],"collection":[{"href":"https:\/\/www.forenova.com\/de\/wp-json\/wp\/v2\/pages"}],"about":[{"href":"https:\/\/www.forenova.com\/de\/wp-json\/wp\/v2\/types\/page"}],"author":[{"embeddable":true,"href":"https:\/\/www.forenova.com\/de\/wp-json\/wp\/v2\/users\/1"}],"replies":[{"embeddable":true,"href":"https:\/\/www.forenova.com\/de\/wp-json\/wp\/v2\/comments?post=4893"}],"version-history":[{"count":0,"href":"https:\/\/www.forenova.com\/de\/wp-json\/wp\/v2\/pages\/4893\/revisions"}],"wp:attachment":[{"href":"https:\/\/www.forenova.com\/de\/wp-json\/wp\/v2\/media?parent=4893"}],"curies":[{"name":"wp","href":"https:\/\/api.w.org\/{rel}","templated":true}]}}