{"id":4920,"date":"2024-10-17T12:40:00","date_gmt":"2024-10-17T12:40:00","guid":{"rendered":"https:\/\/www.forenova.com\/sans-product-review-webcast\/"},"modified":"2024-12-10T05:55:35","modified_gmt":"2024-12-10T05:55:35","slug":"sans-product-review-webcast","status":"publish","type":"page","link":"https:\/\/www.forenova.com\/de\/sans-product-review-webcast\/","title":{"rendered":"SANS Product Review Webcast"},"content":{"rendered":"\t\t<div data-elementor-type=\"wp-page\" data-elementor-id=\"4920\" class=\"elementor elementor-4920 elementor-1385\" data-elementor-post-type=\"page\">\n\t\t\t\t<div class=\"elementor-element elementor-element-150e5cc sansbg_sec e-flex e-con-boxed e-con e-parent\" data-id=\"150e5cc\" data-element_type=\"container\" data-e-type=\"container\" data-settings=\"{&quot;background_background&quot;:&quot;classic&quot;}\">\n\t\t\t\t\t<div class=\"e-con-inner\">\n\t\t\t\t<div class=\"elementor-element elementor-element-dcbe493 elementor-widget elementor-widget-heading\" data-id=\"dcbe493\" data-element_type=\"widget\" data-e-type=\"widget\" data-widget_type=\"heading.default\">\n\t\t\t\t<div class=\"elementor-widget-container\">\n\t\t\t\t\t<h1 class=\"elementor-heading-title elementor-size-default\">Webcast: SANS Produkt\u00fcberpr\u00fcfung von NovaCommand<\/h1>\t\t\t\t<\/div>\n\t\t\t\t<\/div>\n\t\t<div class=\"elementor-element elementor-element-4fb4258 e-con-full e-grid e-con e-child\" data-id=\"4fb4258\" data-element_type=\"container\" data-e-type=\"container\">\n\t\t<div class=\"elementor-element elementor-element-dedaeb5 e-con-full e-flex e-con e-child\" data-id=\"dedaeb5\" data-element_type=\"container\" data-e-type=\"container\">\n\t\t\t\t<div class=\"elementor-element elementor-element-24eb9e6 elementor-widget elementor-widget-image\" data-id=\"24eb9e6\" data-element_type=\"widget\" data-e-type=\"widget\" data-widget_type=\"image.default\">\n\t\t\t\t<div class=\"elementor-widget-container\">\n\t\t\t\t\t\t\t\t\t\t\t\t\t\t\t<img decoding=\"async\" width=\"300\" height=\"109\" src=\"https:\/\/www.forenova.com\/wp-content\/uploads\/2024\/10\/logo-novacommand-horizontal-white.svg\" class=\"attachment-medium size-medium wp-image-3730\" alt=\"\" \/>\t\t\t\t\t\t\t\t\t\t\t\t\t\t\t<\/div>\n\t\t\t\t<\/div>\n\t\t\t\t<div class=\"elementor-element elementor-element-fa01691 tblock_content elementor-widget elementor-widget-text-editor\" data-id=\"fa01691\" data-element_type=\"widget\" data-e-type=\"widget\" data-widget_type=\"text-editor.default\">\n\t\t\t\t<div class=\"elementor-widget-container\">\n\t\t\t\t\t\t\t\t\t<p>\u201eWas man nicht sieht, kann man auch nicht sch\u00fctzen\u201c war noch nie so wahr wie heute, da Unternehmen ihre Pr\u00e4senz und ihre Technologien ausweiten. Darunter leidet oft die Sichtbarkeit. Bekommen Sie die Kontrolle \u00fcber Ihre Umgebung und holen Sie sie sich von Angreifern zur\u00fcck!\u201c<\/p><p>&#8211; Matt Bromiley, SANS-Ausbilder und Sicherheitsexperte<\/p>\t\t\t\t\t\t\t\t<\/div>\n\t\t\t\t<\/div>\n\t\t\t\t<div class=\"elementor-element elementor-element-530e106 tblock_content elementor-widget elementor-widget-text-editor\" data-id=\"530e106\" data-element_type=\"widget\" data-e-type=\"widget\" data-widget_type=\"text-editor.default\">\n\t\t\t\t<div class=\"elementor-widget-container\">\n\t\t\t\t\t\t\t\t\t<p>Erkunden Sie mit Matt Bromiley und ForeNova Solutions Architect Paul Smit die M\u00f6glichkeiten von NovaCommand:<\/p><ul><li>Identifizierung von Verm\u00f6genswerten und Verkehr<\/li><li>Vorf\u00e4lle zu erkennen<\/li><li>Daten auf der Grundlage von Informationen und Regeln durch Benutzer zu klassifizieren<\/li><li>Angreifer zu neutralisieren<\/li><\/ul>\t\t\t\t\t\t\t\t<\/div>\n\t\t\t\t<\/div>\n\t\t\t\t<\/div>\n\t\t<div class=\"elementor-element elementor-element-2eecaae e-con-full e-flex e-con e-child\" data-id=\"2eecaae\" data-element_type=\"container\" data-e-type=\"container\">\n\t\t\t\t<div class=\"elementor-element elementor-element-e0bd77b elementor-widget elementor-widget-heading\" data-id=\"e0bd77b\" data-element_type=\"widget\" data-e-type=\"widget\" id=\"scroll-top\" data-widget_type=\"heading.default\">\n\t\t\t\t<div class=\"elementor-widget-container\">\n\t\t\t\t\t<h3 class=\"elementor-heading-title elementor-size-default\">F\u00fcllen Sie das untenstehende Formular aus, um den Webcast zur NovaCommand-Produktpr\u00fcfung anzusehen.<\/h3>\t\t\t\t<\/div>\n\t\t\t\t<\/div>\n\t\t\t\t<div class=\"elementor-element elementor-element-f2e975a brevo_form full_width_field elementor-widget elementor-widget-shortcode\" data-id=\"f2e975a\" data-element_type=\"widget\" data-e-type=\"widget\" data-widget_type=\"shortcode.default\">\n\t\t\t\t<div class=\"elementor-widget-container\">\n\t\t\t\t\t\t\t<div class=\"elementor-shortcode\">\t\t\t\t\t<script type=\"text\/javascript\">\n\t\t\t\t\t\tvar gCaptchaSibWidget;\n                        var onloadSibCallbackInvisible = function () {\n\n                            var element = document.getElementsByClassName('sib-default-btn');\n                            var countInvisible = 0;\n                            var indexArray = [];\n                            jQuery('.sib-default-btn').each(function (index, el) {\n                                if ((jQuery(el).attr('id') == \"invisible\")) {\n                                    indexArray[countInvisible] = index;\n                                    countInvisible++\n                                }\n                            });\n\n                            jQuery('.invi-recaptcha').each(function (index, el) {\n                                grecaptcha.render(element[indexArray[index]], {\n                                    'sitekey': jQuery(el).attr('data-sitekey'),\n                                    'callback': sibVerifyCallback,\n                                });\n                            });\n                        };\n\t\t\t\t\t<\/script>\n\t\t\t\t\t                <script src=\"https:\/\/www.google.com\/recaptcha\/api.js?onload=onloadSibCallbackInvisible&render=explicit\" async defer><\/script>\n\t\t\t\t\n\t\t\t<form id=\"sib_signup_form_4\" method=\"post\" class=\"sib_signup_form\">\n\t\t\t\t<div class=\"sib_loader\" style=\"display:none;\"><img\n\t\t\t\t\t\t\tsrc=\"https:\/\/www.forenova.com\/wp-includes\/images\/spinner.gif\" alt=\"loader\"><\/div>\n\t\t\t\t<input type=\"hidden\" name=\"sib_form_action\" value=\"subscribe_form_submit\">\n\t\t\t\t<input type=\"hidden\" name=\"sib_form_id\" value=\"4\">\n                <input type=\"hidden\" name=\"sib_form_alert_notice\" value=\"Bitte f\u00fcllen Sie dieses Feld aus\">\n                <input type=\"hidden\" name=\"sib_form_invalid_email_notice\" value=\"Ihre E-Mail-Adresse ist ung\u00fcltig\">\n                <input type=\"hidden\" name=\"sib_security\" value=\"6c633beb27\">\n\t\t\t\t<div class=\"sib_signup_box_inside_4\">\n\t\t\t\t\t<div style=\"\/*display:none*\/\" class=\"sib_msg_disp\">\n\t\t\t\t\t<\/div>\n                                            <div id=\"sib_captcha_invisible\" class=\"invi-recaptcha\" data-sitekey=\"6LelL5IqAAAAACkl6mPfPq69G67Cs71WyITCIgDd\"><\/div>\n                    \t\t\t\t\t<input type=\"text\" name=\"bname\" id=\"bname\">\r\n<p class=\"sib-ORIGINAL_TRAFFIC_SOURCE-area \" id=\"custom-hidden-source\"> \r\n    <label class=\"sib-ORIGINAL_TRAFFIC_SOURCE-area\">UTM Source<\/label> \r\n    <input type=\"hidden\" class=\"sib-ORIGINAL_TRAFFIC_SOURCE-area\" name=\"ORIGINAL_TRAFFIC_SOURCE\" placeholder=\"UTM SOURCE\"> \r\n<\/p>\r\n\r\n<p class=\"sib-ORIGINAL_TRAFFIC_SOURCE_DRILL_DOWN1-area\" id=\"custom-hidden-campaign\"> \r\n    <label class=\"sib-ORIGINAL_TRAFFIC_SOURCE_DRILL_DOWN1-area\">ORIGINAL_TRAFFIC_SOURCE_DRILL_DOWN1<\/label> \r\n    <input type=\"hidden\" class=\"custom-hidden-field sib-ORIGINAL_TRAFFIC_SOURCE_DRILL_DOWN1-area\" name=\"ORIGINAL_TRAFFIC_SOURCE_DRILL_DOWN1\"> \r\n<\/p>\r\n\r\n<p class=\"sib-ORIGINAL_TRAFFIC_SOURCE_DRILL_DOWN2-area hidden\" id=\"custom-hidden-medium\"> \r\n    <label class=\"sib-ORIGINAL_TRAFFIC_SOURCE_DRILL_DOWN2-area\">UTM Medium<\/label> \r\n    <input type=\"hidden\" class=\"sib-ORIGINAL_TRAFFIC_SOURCE_DRILL_DOWN2-area\" name=\"ORIGINAL_TRAFFIC_SOURCE_DRILL_DOWN2\" placeholder=\"UTM CAMPAIGN\"> \r\n<\/p>\r\n\r\n\r\n<p class=\"sib-LATEST_TRAFFIC_SOURCE_DRILL_DOWN1-area\" id=\"url-field-hidden\"> \r\n    <label class=\"sib-LATEST_TRAFFIC_SOURCE_DRILL_DOWN1-area\">URL<\/label> \r\n    <input type=\"hidden\" class=\"sib-LATEST_TRAFFIC_SOURCE_DRILL_DOWN1-area\" name=\"LATEST_TRAFFIC_SOURCE_DRILL_DOWN1\"> \r\n<\/p>\r\n<p class=\"sib-FIRSTNAME-area\"> \r\n    <label class=\"sib-FIRSTNAME-area\">Vorname<span class=\"atrisk\">*<\/span><\/label> \r\n    <input type=\"text\" class=\"sib-FIRSTNAME-area\" name=\"FIRSTNAME\" required=\"required\"> \r\n<\/p>\r\n<p class=\"sib-LASTNAME-area\"> \r\n    <label class=\"sib-LASTNAME-area\">Nachname<span class=\"atrisk\">*<\/span><\/label> \r\n    <input type=\"text\" class=\"sib-LASTNAME-area\" name=\"LASTNAME\" required=\"required\"> \r\n<\/p><p class=\"sib-email-area\"> \r\n    <label class=\"sib-email-area\">Gesch\u00e4ftliche E-Mail<span class=\"atrisk\">*<\/span><\/label> \r\n    <input type=\"email\" class=\"sib-email-area\" name=\"email\" placeholder=\"\" value=\"\" required=\"required\"> \r\n<\/p>\r\n\r\n<p class=\"sib-COMPANY-area\"> \r\n    <label class=\"sib-COMPANY-area\">Unternehmen<span class=\"atrisk\">*<\/span><\/label> \r\n    <input type=\"text\" class=\"sib-COMPANY-area\" name=\"COMPANY\" required=\"required\"> \r\n<\/p>\r\n<p class=\"sib-TELEPHONENUMBER-area\"> \r\n    <label class=\"sib-TELEPHONENUMBER-area\">Telefonnummer<span class=\"atrisk\">*<\/span><\/label> \r\n    <input type=\"text\" class=\"sib-TELEPHONENUMBER-area\" name=\"TELEPHONENUMBER\" required=\"required\" pattern=\"[0-9]+([.|,][0-9]+)?\"> \r\n<\/p>\r\n<p class=\"sib-TITLE-area\"> \r\n    <label class=\"sib-TITLE-area\">Titel (Berufsbezeichnung)<\/label> \r\n    <input type=\"text\" class=\"sib-TITLE-area\" name=\"TITLE\"> \r\n<\/p>\r\n<p class=\"sib-COUNTRY-area full\"> \r\n    <label class=\"sib-COUNTRY-area\">Land<span class=\"atrisk\">*<\/span><\/label> \r\n    <input type=\"text\" class=\"sib-COUNTRY-area\" name=\"COUNTRY\" required=\"required\"> \r\n<\/p>\r\n<p class=\"full toc_row\"> <input type=\"checkbox\" name=\"terms\" required=\"required\"> <span>Ich bin damit einverstanden, dass ForeNova meine personenbezogenen Daten speichert und verarbeitet. Sie k\u00f6nnen diese Mitteilungen jederzeit abbestellen. Weitere Informationen zum Abbestellen, zu unseren Datenschutzpraktiken und zu unserer Verpflichtung, Ihre Privatsph\u00e4re zu sch\u00fctzen und zu respektieren, finden Sie in unseren Nutzungsbedingungen.<span>  <\/p>\r\n<p> \r\n    <input type=\"submit\" id=\"invisible\" class=\"sib-default-btn\" name=\"submit\" value=\"NACHRICHT SENDEN\"> \r\n<\/p>\r\n\t\t\t\t<\/div>\n\t\t\t<\/form>\n\t\t\t<style>\n\t\t\t\tform#sib_signup_form_4 p.sib-alert-message {\n    padding: 6px 12px;\n    margin-bottom: 20px;\n    border: 1px solid transparent;\n    border-radius: 4px;\n    -webkit-box-sizing: border-box;\n    -moz-box-sizing: border-box;\n    box-sizing: border-box;\n}\nform#sib_signup_form_4 p.sib-alert-message-error {\n    background-color: #f2dede;\n    border-color: #ebccd1;\n    color: #a94442;\n}\nform#sib_signup_form_4 p.sib-alert-message-success {\n    background-color: #dff0d8;\n    border-color: #d6e9c6;\n    color: #3c763d;\n}\nform#sib_signup_form_4 p.sib-alert-message-warning {\n    background-color: #fcf8e3;\n    border-color: #faebcc;\n    color: #8a6d3b;\n}\n\t\t\t<\/style>\n\t\t\t<\/div>\n\t\t\t\t\t\t<\/div>\n\t\t\t\t<\/div>\n\t\t\t\t<\/div>\n\t\t<div class=\"elementor-element elementor-element-db52572 e-con-full e-flex e-con e-child\" data-id=\"db52572\" data-element_type=\"container\" data-e-type=\"container\">\n\t\t\t\t<div class=\"elementor-element elementor-element-3b5b0fa elementor-widget-mobile__width-inherit bg_gradient  withstar full-image elementor-widget elementor-widget-image\" data-id=\"3b5b0fa\" data-element_type=\"widget\" data-e-type=\"widget\" data-widget_type=\"image.default\">\n\t\t\t\t<div class=\"elementor-widget-container\">\n\t\t\t\t\t\t\t\t\t\t\t\t\t\t\t<img fetchpriority=\"high\" decoding=\"async\" width=\"1135\" height=\"844\" src=\"https:\/\/www.forenova.com\/wp-content\/uploads\/2024\/10\/preview-laptop-request-demo.png\" class=\"attachment-full size-full wp-image-3753\" alt=\"\" srcset=\"https:\/\/www.forenova.com\/wp-content\/uploads\/2024\/10\/preview-laptop-request-demo.png 1135w, https:\/\/www.forenova.com\/wp-content\/uploads\/2024\/10\/preview-laptop-request-demo-300x223.png 300w, https:\/\/www.forenova.com\/wp-content\/uploads\/2024\/10\/preview-laptop-request-demo-1024x761.png 1024w, https:\/\/www.forenova.com\/wp-content\/uploads\/2024\/10\/preview-laptop-request-demo-768x571.png 768w\" sizes=\"(max-width: 1135px) 100vw, 1135px\" \/>\t\t\t\t\t\t\t\t\t\t\t\t\t\t\t<\/div>\n\t\t\t\t<\/div>\n\t\t\t\t<\/div>\n\t\t\t\t<\/div>\n\t\t\t\t\t<\/div>\n\t\t\t\t<\/div>\n\t\t\t\t<\/div>\n\t\t","protected":false},"excerpt":{"rendered":"<p>Webcast: SANS Produkt\u00fcberpr\u00fcfung von NovaCommand \u201eWas man nicht sieht, kann man auch nicht sch\u00fctzen\u201c war noch nie so wahr wie heute, da Unternehmen ihre Pr\u00e4senz und ihre Technologien ausweiten. Darunter leidet oft die Sichtbarkeit. Bekommen Sie die Kontrolle \u00fcber Ihre Umgebung und holen Sie sie sich von Angreifern zur\u00fcck!\u201c &#8211; Matt Bromiley, SANS-Ausbilder und Sicherheitsexperte [&hellip;]<\/p>\n","protected":false},"author":1,"featured_media":0,"parent":0,"menu_order":0,"comment_status":"closed","ping_status":"closed","template":"","meta":{"_acf_changed":false,"inline_featured_image":false,"footnotes":""},"class_list":["post-4920","page","type-page","status-publish","hentry"],"acf":[],"yoast_head":"<!-- This site is optimized with the Yoast SEO plugin v27.2 - https:\/\/yoast.com\/product\/yoast-seo-wordpress\/ -->\n<title>SANS-Webcast zur Produktpr\u00fcfung<\/title>\n<meta name=\"description\" content=\"Das Netzwerk ist bei weitem der effektivste Weg, um Einblick und Kontrolle \u00fcber Ihre gesamte Umgebung zu erhalten. In diesem Bericht \u00fcber NovaCommand von ForeNova untersuchen SANS-Ausbilder und Sicherheitsexperte Matt Bromiley und ForeNova Solutions Architect Paul Smit die F\u00e4higkeiten des Produkts.\" \/>\n<meta name=\"robots\" content=\"index, follow, max-snippet:-1, max-image-preview:large, max-video-preview:-1\" \/>\n<link rel=\"canonical\" href=\"https:\/\/www.forenova.com\/de\/sans-product-review-webcast\/\" \/>\n<meta property=\"og:locale\" content=\"de_DE\" \/>\n<meta property=\"og:type\" content=\"article\" \/>\n<meta property=\"og:title\" content=\"SANS-Webcast zur Produktpr\u00fcfung\" \/>\n<meta property=\"og:description\" content=\"Das Netzwerk ist bei weitem der effektivste Weg, um Einblick und Kontrolle \u00fcber Ihre gesamte Umgebung zu erhalten. In diesem Bericht \u00fcber NovaCommand von ForeNova untersuchen SANS-Ausbilder und Sicherheitsexperte Matt Bromiley und ForeNova Solutions Architect Paul Smit die F\u00e4higkeiten des Produkts.\" \/>\n<meta property=\"og:url\" content=\"https:\/\/www.forenova.com\/de\/sans-product-review-webcast\/\" \/>\n<meta property=\"og:site_name\" content=\"Forenova\" \/>\n<meta property=\"article:modified_time\" content=\"2024-12-10T05:55:35+00:00\" \/>\n<meta property=\"og:image\" content=\"https:\/\/www.forenova.com\/wp-content\/uploads\/2024\/10\/logo-novacommand-horizontal-white.svg\" \/>\n<meta name=\"twitter:card\" content=\"summary_large_image\" \/>\n<meta name=\"twitter:label1\" content=\"Est. reading time\" \/>\n\t<meta name=\"twitter:data1\" content=\"1 Minute\" \/>\n<script type=\"application\/ld+json\" class=\"yoast-schema-graph\">{\"@context\":\"https:\/\/schema.org\",\"@graph\":[{\"@type\":\"WebPage\",\"@id\":\"https:\/\/www.forenova.com\/de\/sans-product-review-webcast\/\",\"url\":\"https:\/\/www.forenova.com\/de\/sans-product-review-webcast\/\",\"name\":\"SANS-Webcast zur Produktpr\u00fcfung\",\"isPartOf\":{\"@id\":\"https:\/\/www.forenova.com\/de\/#website\"},\"primaryImageOfPage\":{\"@id\":\"https:\/\/www.forenova.com\/de\/sans-product-review-webcast\/#primaryimage\"},\"image\":{\"@id\":\"https:\/\/www.forenova.com\/de\/sans-product-review-webcast\/#primaryimage\"},\"thumbnailUrl\":\"https:\/\/www.forenova.com\/wp-content\/uploads\/2024\/10\/logo-novacommand-horizontal-white.svg\",\"datePublished\":\"2024-10-17T12:40:00+00:00\",\"dateModified\":\"2024-12-10T05:55:35+00:00\",\"description\":\"Das Netzwerk ist bei weitem der effektivste Weg, um Einblick und Kontrolle \u00fcber Ihre gesamte Umgebung zu erhalten. In diesem Bericht \u00fcber NovaCommand von ForeNova untersuchen SANS-Ausbilder und Sicherheitsexperte Matt Bromiley und ForeNova Solutions Architect Paul Smit die F\u00e4higkeiten des Produkts.\",\"breadcrumb\":{\"@id\":\"https:\/\/www.forenova.com\/de\/sans-product-review-webcast\/#breadcrumb\"},\"inLanguage\":\"de-DE\",\"potentialAction\":[{\"@type\":\"ReadAction\",\"target\":[\"https:\/\/www.forenova.com\/de\/sans-product-review-webcast\/\"]}]},{\"@type\":\"ImageObject\",\"inLanguage\":\"de-DE\",\"@id\":\"https:\/\/www.forenova.com\/de\/sans-product-review-webcast\/#primaryimage\",\"url\":\"https:\/\/www.forenova.com\/wp-content\/uploads\/2024\/10\/logo-novacommand-horizontal-white.svg\",\"contentUrl\":\"https:\/\/www.forenova.com\/wp-content\/uploads\/2024\/10\/logo-novacommand-horizontal-white.svg\"},{\"@type\":\"BreadcrumbList\",\"@id\":\"https:\/\/www.forenova.com\/de\/sans-product-review-webcast\/#breadcrumb\",\"itemListElement\":[{\"@type\":\"ListItem\",\"position\":1,\"name\":\"Home\",\"item\":\"https:\/\/www.forenova.com\/de\/\"},{\"@type\":\"ListItem\",\"position\":2,\"name\":\"SANS Product Review Webcast\"}]},{\"@type\":\"WebSite\",\"@id\":\"https:\/\/www.forenova.com\/de\/#website\",\"url\":\"https:\/\/www.forenova.com\/de\/\",\"name\":\"Forenova\",\"description\":\"Forenova\",\"publisher\":{\"@id\":\"https:\/\/www.forenova.com\/de\/#organization\"},\"potentialAction\":[{\"@type\":\"SearchAction\",\"target\":{\"@type\":\"EntryPoint\",\"urlTemplate\":\"https:\/\/www.forenova.com\/de\/?s={search_term_string}\"},\"query-input\":{\"@type\":\"PropertyValueSpecification\",\"valueRequired\":true,\"valueName\":\"search_term_string\"}}],\"inLanguage\":\"de-DE\"},{\"@type\":\"Organization\",\"@id\":\"https:\/\/www.forenova.com\/de\/#organization\",\"name\":\"Forenova\",\"url\":\"https:\/\/www.forenova.com\/de\/\",\"logo\":{\"@type\":\"ImageObject\",\"inLanguage\":\"de-DE\",\"@id\":\"https:\/\/www.forenova.com\/de\/#\/schema\/logo\/image\/\",\"url\":\"https:\/\/www.forenova.com\/wp-content\/uploads\/2024\/10\/ForeNova_logo.webp\",\"contentUrl\":\"https:\/\/www.forenova.com\/wp-content\/uploads\/2024\/10\/ForeNova_logo.webp\",\"width\":230,\"height\":41,\"caption\":\"Forenova\"},\"image\":{\"@id\":\"https:\/\/www.forenova.com\/de\/#\/schema\/logo\/image\/\"}}]}<\/script>\n<!-- \/ Yoast SEO plugin. -->","yoast_head_json":{"title":"SANS-Webcast zur Produktpr\u00fcfung","description":"Das Netzwerk ist bei weitem der effektivste Weg, um Einblick und Kontrolle \u00fcber Ihre gesamte Umgebung zu erhalten. In diesem Bericht \u00fcber NovaCommand von ForeNova untersuchen SANS-Ausbilder und Sicherheitsexperte Matt Bromiley und ForeNova Solutions Architect Paul Smit die F\u00e4higkeiten des Produkts.","robots":{"index":"index","follow":"follow","max-snippet":"max-snippet:-1","max-image-preview":"max-image-preview:large","max-video-preview":"max-video-preview:-1"},"canonical":"https:\/\/www.forenova.com\/de\/sans-product-review-webcast\/","og_locale":"de_DE","og_type":"article","og_title":"SANS-Webcast zur Produktpr\u00fcfung","og_description":"Das Netzwerk ist bei weitem der effektivste Weg, um Einblick und Kontrolle \u00fcber Ihre gesamte Umgebung zu erhalten. In diesem Bericht \u00fcber NovaCommand von ForeNova untersuchen SANS-Ausbilder und Sicherheitsexperte Matt Bromiley und ForeNova Solutions Architect Paul Smit die F\u00e4higkeiten des Produkts.","og_url":"https:\/\/www.forenova.com\/de\/sans-product-review-webcast\/","og_site_name":"Forenova","article_modified_time":"2024-12-10T05:55:35+00:00","og_image":[{"url":"https:\/\/www.forenova.com\/wp-content\/uploads\/2024\/10\/logo-novacommand-horizontal-white.svg","type":"","width":"","height":""}],"twitter_card":"summary_large_image","twitter_misc":{"Est. reading time":"1 Minute"},"schema":{"@context":"https:\/\/schema.org","@graph":[{"@type":"WebPage","@id":"https:\/\/www.forenova.com\/de\/sans-product-review-webcast\/","url":"https:\/\/www.forenova.com\/de\/sans-product-review-webcast\/","name":"SANS-Webcast zur Produktpr\u00fcfung","isPartOf":{"@id":"https:\/\/www.forenova.com\/de\/#website"},"primaryImageOfPage":{"@id":"https:\/\/www.forenova.com\/de\/sans-product-review-webcast\/#primaryimage"},"image":{"@id":"https:\/\/www.forenova.com\/de\/sans-product-review-webcast\/#primaryimage"},"thumbnailUrl":"https:\/\/www.forenova.com\/wp-content\/uploads\/2024\/10\/logo-novacommand-horizontal-white.svg","datePublished":"2024-10-17T12:40:00+00:00","dateModified":"2024-12-10T05:55:35+00:00","description":"Das Netzwerk ist bei weitem der effektivste Weg, um Einblick und Kontrolle \u00fcber Ihre gesamte Umgebung zu erhalten. In diesem Bericht \u00fcber NovaCommand von ForeNova untersuchen SANS-Ausbilder und Sicherheitsexperte Matt Bromiley und ForeNova Solutions Architect Paul Smit die F\u00e4higkeiten des Produkts.","breadcrumb":{"@id":"https:\/\/www.forenova.com\/de\/sans-product-review-webcast\/#breadcrumb"},"inLanguage":"de-DE","potentialAction":[{"@type":"ReadAction","target":["https:\/\/www.forenova.com\/de\/sans-product-review-webcast\/"]}]},{"@type":"ImageObject","inLanguage":"de-DE","@id":"https:\/\/www.forenova.com\/de\/sans-product-review-webcast\/#primaryimage","url":"https:\/\/www.forenova.com\/wp-content\/uploads\/2024\/10\/logo-novacommand-horizontal-white.svg","contentUrl":"https:\/\/www.forenova.com\/wp-content\/uploads\/2024\/10\/logo-novacommand-horizontal-white.svg"},{"@type":"BreadcrumbList","@id":"https:\/\/www.forenova.com\/de\/sans-product-review-webcast\/#breadcrumb","itemListElement":[{"@type":"ListItem","position":1,"name":"Home","item":"https:\/\/www.forenova.com\/de\/"},{"@type":"ListItem","position":2,"name":"SANS Product Review Webcast"}]},{"@type":"WebSite","@id":"https:\/\/www.forenova.com\/de\/#website","url":"https:\/\/www.forenova.com\/de\/","name":"Forenova","description":"Forenova","publisher":{"@id":"https:\/\/www.forenova.com\/de\/#organization"},"potentialAction":[{"@type":"SearchAction","target":{"@type":"EntryPoint","urlTemplate":"https:\/\/www.forenova.com\/de\/?s={search_term_string}"},"query-input":{"@type":"PropertyValueSpecification","valueRequired":true,"valueName":"search_term_string"}}],"inLanguage":"de-DE"},{"@type":"Organization","@id":"https:\/\/www.forenova.com\/de\/#organization","name":"Forenova","url":"https:\/\/www.forenova.com\/de\/","logo":{"@type":"ImageObject","inLanguage":"de-DE","@id":"https:\/\/www.forenova.com\/de\/#\/schema\/logo\/image\/","url":"https:\/\/www.forenova.com\/wp-content\/uploads\/2024\/10\/ForeNova_logo.webp","contentUrl":"https:\/\/www.forenova.com\/wp-content\/uploads\/2024\/10\/ForeNova_logo.webp","width":230,"height":41,"caption":"Forenova"},"image":{"@id":"https:\/\/www.forenova.com\/de\/#\/schema\/logo\/image\/"}}]}},"_links":{"self":[{"href":"https:\/\/www.forenova.com\/de\/wp-json\/wp\/v2\/pages\/4920","targetHints":{"allow":["GET"]}}],"collection":[{"href":"https:\/\/www.forenova.com\/de\/wp-json\/wp\/v2\/pages"}],"about":[{"href":"https:\/\/www.forenova.com\/de\/wp-json\/wp\/v2\/types\/page"}],"author":[{"embeddable":true,"href":"https:\/\/www.forenova.com\/de\/wp-json\/wp\/v2\/users\/1"}],"replies":[{"embeddable":true,"href":"https:\/\/www.forenova.com\/de\/wp-json\/wp\/v2\/comments?post=4920"}],"version-history":[{"count":0,"href":"https:\/\/www.forenova.com\/de\/wp-json\/wp\/v2\/pages\/4920\/revisions"}],"wp:attachment":[{"href":"https:\/\/www.forenova.com\/de\/wp-json\/wp\/v2\/media?parent=4920"}],"curies":[{"name":"wp","href":"https:\/\/api.w.org\/{rel}","templated":true}]}}