{"id":5025,"date":"2024-11-27T11:13:05","date_gmt":"2024-11-27T11:13:05","guid":{"rendered":"https:\/\/www.forenova.com\/webinar-german-hospitals-targeted-by-hackers-and-in-my\/"},"modified":"2024-12-30T13:51:48","modified_gmt":"2024-12-30T13:51:48","slug":"webinar-deutsche-krankenhaeuser-im-visier-von-hackern-und-in-meinem","status":"publish","type":"page","link":"https:\/\/www.forenova.com\/de\/webinar-deutsche-krankenhaeuser-im-visier-von-hackern-und-in-meinem\/","title":{"rendered":"[Webinar] Deutsche Krankenh\u00e4user im Visier von Hackern und in meinem"},"content":{"rendered":"\t\t<div data-elementor-type=\"wp-page\" data-elementor-id=\"5025\" class=\"elementor elementor-5025 elementor-4995\" data-elementor-post-type=\"page\">\n\t\t\t\t<div class=\"elementor-element elementor-element-d3da494 e-con-full Banner-career star-element e-flex e-con e-parent\" data-id=\"d3da494\" data-element_type=\"container\" data-e-type=\"container\" data-settings=\"{&quot;background_background&quot;:&quot;classic&quot;}\">\n\t\t<div class=\"elementor-element elementor-element-a6c736b e-flex e-con-boxed e-con e-child\" data-id=\"a6c736b\" data-element_type=\"container\" data-e-type=\"container\">\n\t\t\t\t\t<div class=\"e-con-inner\">\n\t\t<div class=\"elementor-element elementor-element-494b647 e-con-full e-flex e-con e-child\" data-id=\"494b647\" data-element_type=\"container\" data-e-type=\"container\" data-settings=\"{&quot;background_background&quot;:&quot;classic&quot;}\">\n\t\t\t\t<div class=\"elementor-element elementor-element-1c87542 elementor-widget elementor-widget-text-editor\" data-id=\"1c87542\" data-element_type=\"widget\" data-e-type=\"widget\" data-widget_type=\"text-editor.default\">\n\t\t\t\t<div class=\"elementor-widget-container\">\n\t\t\t\t\t\t\t\t\t<p id=\"register-now\" data-hs-anchor=\"true\">Melden Sie sich jetzt f\u00fcr unser Live Webinar an!<\/p>\t\t\t\t\t\t\t\t<\/div>\n\t\t\t\t<\/div>\n\t\t\t\t<div class=\"elementor-element elementor-element-425cff5 elementor-widget elementor-widget-heading\" data-id=\"425cff5\" data-element_type=\"widget\" data-e-type=\"widget\" data-widget_type=\"heading.default\">\n\t\t\t\t<div class=\"elementor-widget-container\">\n\t\t\t\t\t<h3 class=\"elementor-heading-title elementor-size-default\">Gehackt!? Deutsche Krankenh\u00e4user im Visier von Hackern! \u2026 und in meinem!\n<\/h3>\t\t\t\t<\/div>\n\t\t\t\t<\/div>\n\t\t\t\t<div class=\"elementor-element elementor-element-4a981b9 elementor-widget elementor-widget-heading\" data-id=\"4a981b9\" data-element_type=\"widget\" data-e-type=\"widget\" data-widget_type=\"heading.default\">\n\t\t\t\t<div class=\"elementor-widget-container\">\n\t\t\t\t\t<h2 class=\"elementor-heading-title elementor-size-default\">Webinar am Freitag, 27. Januar 2023 <br>\n14:00 - 15:00 Uhr\n<\/h2>\t\t\t\t<\/div>\n\t\t\t\t<\/div>\n\t\t\t\t<div class=\"elementor-element elementor-element-80c50e0 elementor-widget elementor-widget-heading\" data-id=\"80c50e0\" data-element_type=\"widget\" data-e-type=\"widget\" data-widget_type=\"heading.default\">\n\t\t\t\t<div class=\"elementor-widget-container\">\n\t\t\t\t\t<h2 class=\"elementor-heading-title elementor-size-default\">Sprache: Deutsch\n\n<\/h2>\t\t\t\t<\/div>\n\t\t\t\t<\/div>\n\t\t\t\t<div class=\"elementor-element elementor-element-3755345 elementor-align-center elementor-widget elementor-widget-button\" data-id=\"3755345\" data-element_type=\"widget\" data-e-type=\"widget\" data-widget_type=\"button.default\">\n\t\t\t\t<div class=\"elementor-widget-container\">\n\t\t\t\t\t\t\t\t\t<div class=\"elementor-button-wrapper\">\n\t\t\t\t\t<a class=\"elementor-button elementor-button-link elementor-size-sm\" href=\"https:\/\/us02web.zoom.us\/webinar\/register\/9616734405998\/WN_A4bBMqrjRH-RkUJsV6da3w\">\n\t\t\t\t\t\t<span class=\"elementor-button-content-wrapper\">\n\t\t\t\t\t\t\t\t\t<span class=\"elementor-button-text\">Jetzt anmelden<\/span>\n\t\t\t\t\t<\/span>\n\t\t\t\t\t<\/a>\n\t\t\t\t<\/div>\n\t\t\t\t\t\t\t\t<\/div>\n\t\t\t\t<\/div>\n\t\t\t\t<\/div>\n\t\t\t\t\t<\/div>\n\t\t\t\t<\/div>\n\t\t\t\t<\/div>\n\t\t<div class=\"elementor-element elementor-element-8082798 e-flex e-con-boxed e-con e-parent\" data-id=\"8082798\" data-element_type=\"container\" data-e-type=\"container\">\n\t\t\t\t\t<div class=\"e-con-inner\">\n\t\t<div class=\"elementor-element elementor-element-ef894f1 e-con-full e-flex e-con e-child\" data-id=\"ef894f1\" data-element_type=\"container\" data-e-type=\"container\">\n\t\t\t\t<div class=\"elementor-element elementor-element-b3d7403 elementor-widget elementor-widget-heading\" data-id=\"b3d7403\" data-element_type=\"widget\" data-e-type=\"widget\" data-widget_type=\"heading.default\">\n\t\t\t\t<div class=\"elementor-widget-container\">\n\t\t\t\t\t<h2 class=\"elementor-heading-title elementor-size-default\">27. Januar 2023, 14:00 - 15:00 Uhr \n<\/h2>\t\t\t\t<\/div>\n\t\t\t\t<\/div>\n\t\t\t\t<div class=\"elementor-element elementor-element-af93ac7 elementor-align-center elementor-widget elementor-widget-button\" data-id=\"af93ac7\" data-element_type=\"widget\" data-e-type=\"widget\" data-widget_type=\"button.default\">\n\t\t\t\t<div class=\"elementor-widget-container\">\n\t\t\t\t\t\t\t\t\t<div class=\"elementor-button-wrapper\">\n\t\t\t\t\t<a class=\"elementor-button elementor-button-link elementor-size-sm\" href=\"https:\/\/us02web.zoom.us\/webinar\/register\/9616734405998\/WN_A4bBMqrjRH-RkUJsV6da3w\">\n\t\t\t\t\t\t<span class=\"elementor-button-content-wrapper\">\n\t\t\t\t\t\t\t\t\t<span class=\"elementor-button-text\">Klicken Sie hier, um sich anzumelden<\/span>\n\t\t\t\t\t<\/span>\n\t\t\t\t\t<\/a>\n\t\t\t\t<\/div>\n\t\t\t\t\t\t\t\t<\/div>\n\t\t\t\t<\/div>\n\t\t\t\t<div class=\"elementor-element elementor-element-361564c elementor-widget elementor-widget-text-editor\" data-id=\"361564c\" data-element_type=\"widget\" data-e-type=\"widget\" data-widget_type=\"text-editor.default\">\n\t\t\t\t<div class=\"elementor-widget-container\">\n\t\t\t\t\t\t\t\t\t<p data-hs-anchor=\"true\">T\u00e4glich erreichen uns neue Horror-Nachrichten von Internet-Kriminalit\u00e4t,<br \/><br \/>\u27a1\ufe0f\u00a0Fast st\u00fcndlich sind (deutsche) Unternehmen und Einrichtungen des Gesundheitswesen von Cyberattacken betroffen, ob Ransomware oder zielgerichtete Angriffe (sogenannte APTs) \u2013 die Folgen k\u00f6nnen bekanntlich t\u00f6dlich sein!<br \/><br \/>Ob Erpressung, Verschl\u00fcsselung, Datendiebstahl oder Wirtschaftsspionage \u2013 die Gefahr ist realer denn je und brandgef\u00e4hrlich!<br \/><br \/>Erleben Sie einen spannenden Vortrag vom Experten f\u00fcr IT-Sicherheit, Edgar Scholl, zu den folgenden Themen:<\/p><ul><li>Cyber-Crime: Zahlen \u2013 Daten \u2013 Fakten und der Status Quo IT-Sicherheit in Deutschland<\/li><li>Mehr Sicherheit f\u00fcr Krankenh\u00e4user<\/li><li>Einblick: Wie arbeiten Cyber-Kriminelle<\/li><li>Ausblick: Was hilft wirklich gegen Cyber-Angriffe?<\/li><li>Fragen und Antworten<\/li><\/ul><p data-hs-anchor=\"true\">Bitte beachten Sie, dass wir die Teilnehmerzahl limitiert haben.<br \/>Die Teilnahme ist f\u00fcr Sie kostenfrei.<br \/><br \/>Wir sehen\/h\u00f6ren uns doch!?<br \/><br \/><\/p><div>Wir freuen uns auf Ihre Teilnahme an unserem Webinar!<\/div>\t\t\t\t\t\t\t\t<\/div>\n\t\t\t\t<\/div>\n\t\t<div class=\"elementor-element elementor-element-a0362a7 e-con-full e-flex e-con e-child\" data-id=\"a0362a7\" data-element_type=\"container\" data-e-type=\"container\">\n\t\t\t\t<div class=\"elementor-element elementor-element-72f9de5 elementor-widget__width-initial elementor-widget elementor-widget-image\" data-id=\"72f9de5\" data-element_type=\"widget\" data-e-type=\"widget\" data-widget_type=\"image.default\">\n\t\t\t\t<div class=\"elementor-widget-container\">\n\t\t\t\t\t\t\t\t\t\t\t\t\t\t\t<img decoding=\"async\" width=\"200\" height=\"200\" src=\"https:\/\/www.forenova.com\/wp-content\/uploads\/2024\/11\/Zoom-Profilbild.webp\" class=\"attachment-full size-full wp-image-5002\" alt=\"\" srcset=\"https:\/\/www.forenova.com\/wp-content\/uploads\/2024\/11\/Zoom-Profilbild.webp 200w, https:\/\/www.forenova.com\/wp-content\/uploads\/2024\/11\/Zoom-Profilbild-150x150.webp 150w\" sizes=\"(max-width: 200px) 100vw, 200px\" \/>\t\t\t\t\t\t\t\t\t\t\t\t\t\t\t<\/div>\n\t\t\t\t<\/div>\n\t\t\t\t<div class=\"elementor-element elementor-element-be38549 elementor-widget elementor-widget-text-editor\" data-id=\"be38549\" data-element_type=\"widget\" data-e-type=\"widget\" data-widget_type=\"text-editor.default\">\n\t\t\t\t<div class=\"elementor-widget-container\">\n\t\t\t\t\t\t\t\t\t<p>Unser Referent Edgar Scholl ist ein anerkannter Experte f\u00fcr IT-Sicherheit und Cyber Security &#8211; bekannt aus Presse, Funk und Fernsehen.<\/p><p>Bei XING und\u00a0Google seit vielen Jahren die Nummer #1.<\/p><p>Millionen Menschen hat er mit seinen interessanten, praxisbezogenen &#8211; manchmal auch provozierenden &#8211; Vortr\u00e4gen, Webinaren, Keynote-Speakings, TV- und Radio-Interviews begeistert.<\/p>\t\t\t\t\t\t\t\t<\/div>\n\t\t\t\t<\/div>\n\t\t\t\t<\/div>\n\t\t\t\t<\/div>\n\t\t\t\t\t<\/div>\n\t\t\t\t<\/div>\n\t\t<div class=\"elementor-element elementor-element-5ee648f e-flex e-con-boxed e-con e-parent\" data-id=\"5ee648f\" data-element_type=\"container\" data-e-type=\"container\" data-settings=\"{&quot;background_background&quot;:&quot;classic&quot;}\">\n\t\t\t\t\t<div class=\"e-con-inner\">\n\t\t<div class=\"elementor-element elementor-element-24f6d30 e-con-full e-flex e-con e-child\" data-id=\"24f6d30\" data-element_type=\"container\" data-e-type=\"container\">\n\t\t\t\t<div class=\"elementor-element elementor-element-0ea870e elementor-widget elementor-widget-heading\" data-id=\"0ea870e\" data-element_type=\"widget\" data-e-type=\"widget\" data-widget_type=\"heading.default\">\n\t\t\t\t<div class=\"elementor-widget-container\">\n\t\t\t\t\t<h2 class=\"elementor-heading-title elementor-size-default\">Profitieren Sie von der Erfahrung unserer Security Spezialisten<\/h2>\t\t\t\t<\/div>\n\t\t\t\t<\/div>\n\t\t\t\t<div class=\"elementor-element elementor-element-0d29404 elementor-widget elementor-widget-text-editor\" data-id=\"0d29404\" data-element_type=\"widget\" data-e-type=\"widget\" data-widget_type=\"text-editor.default\">\n\t\t\t\t<div class=\"elementor-widget-container\">\n\t\t\t\t\t\t\t\t\t<div class=\"row-fluid-wrapper row-depth-1 row-number-10 dnd-row\"><div class=\"row-fluid \"><div class=\"span12 widget-span widget-type-custom_widget dnd__experts-module-2-flexbox-positioning dnd-module\" data-widget-type=\"custom_widget\" data-x=\"0\" data-w=\"12\"><div id=\"hs_cos_wrapper_dnd__experts-module-2\" class=\"hs_cos_wrapper hs_cos_wrapper_widget hs_cos_wrapper_type_module widget-type-rich_text widget-type-rich_text\" data-hs-cos-general-type=\"widget\" data-hs-cos-type=\"module\"><div class=\"row-fluid-wrapper row-depth-1 row-number-10 dnd-row\"><div class=\"row-fluid \"><div class=\"span12 widget-span widget-type-custom_widget dnd__experts-module-2-flexbox-positioning dnd-module\" data-widget-type=\"custom_widget\" data-x=\"0\" data-w=\"12\"><div id=\"hs_cos_wrapper_dnd__experts-module-2\" class=\"hs_cos_wrapper hs_cos_wrapper_widget hs_cos_wrapper_type_module widget-type-rich_text widget-type-rich_text\" data-hs-cos-general-type=\"widget\" data-hs-cos-type=\"module\"><p>Wir freuen uns auf Ihre Teilnahme! Sie haben nach dem Webinar die M\u00f6glichkeit, Fragen zu stellen und vom Wissen unserer Experten zu profitieren.<\/p><\/div><\/div><\/div><\/div><\/div><\/div><\/div><\/div>\t\t\t\t\t\t\t\t<\/div>\n\t\t\t\t<\/div>\n\t\t\t\t<div class=\"elementor-element elementor-element-ae0ea63 elementor-widget elementor-widget-text-editor\" data-id=\"ae0ea63\" data-element_type=\"widget\" data-e-type=\"widget\" data-widget_type=\"text-editor.default\">\n\t\t\t\t<div class=\"elementor-widget-container\">\n\t\t\t\t\t\t\t\t\t<div class=\"row-fluid-wrapper row-depth-1 row-number-10 dnd-row\"><div class=\"row-fluid \"><div class=\"span12 widget-span widget-type-custom_widget dnd__experts-module-2-flexbox-positioning dnd-module\" data-widget-type=\"custom_widget\" data-x=\"0\" data-w=\"12\"><div id=\"hs_cos_wrapper_dnd__experts-module-2\" class=\"hs_cos_wrapper hs_cos_wrapper_widget hs_cos_wrapper_type_module widget-type-rich_text widget-type-rich_text\" data-hs-cos-general-type=\"widget\" data-hs-cos-type=\"module\"><div class=\"row-fluid-wrapper row-depth-1 row-number-11 dnd__experts-column-1-row-1-vertical-alignment dnd-row\"><div class=\"row-fluid \"><div class=\"span12 widget-span widget-type-cell dnd-column cell_1656492114626-vertical-alignment\" data-widget-type=\"cell\" data-x=\"0\" data-w=\"12\"><div class=\"row-fluid-wrapper row-depth-1 row-number-12 dnd-row\"><div class=\"row-fluid \"><div class=\"span12 widget-span widget-type-custom_widget dnd-module\" data-widget-type=\"custom_widget\" data-x=\"0\" data-w=\"12\"><div id=\"hs_cos_wrapper_widget_1656491639931\" class=\"hs_cos_wrapper hs_cos_wrapper_widget hs_cos_wrapper_type_module widget-type-rich_text\" data-hs-cos-general-type=\"widget\" data-hs-cos-type=\"module\"><div class=\"row-fluid-wrapper row-depth-1 row-number-11 dnd__experts-column-1-row-1-vertical-alignment dnd-row\"><div class=\"row-fluid \"><div class=\"span12 widget-span widget-type-cell dnd-column cell_1656492114626-vertical-alignment\" data-widget-type=\"cell\" data-x=\"0\" data-w=\"12\"><div class=\"row-fluid-wrapper row-depth-1 row-number-12 dnd-row\"><div class=\"row-fluid \"><div class=\"span12 widget-span widget-type-custom_widget dnd-module\" data-widget-type=\"custom_widget\" data-x=\"0\" data-w=\"12\"><div id=\"hs_cos_wrapper_widget_1656491639931\" class=\"hs_cos_wrapper hs_cos_wrapper_widget hs_cos_wrapper_type_module widget-type-rich_text\" data-hs-cos-general-type=\"widget\" data-hs-cos-type=\"module\"><p>Firewall, Endpoint Security und Zero Trust Clients sind heutzutage Elemente nahezu jeder Sicherheitsinfrastruktur. Allerdings w\u00e4chst t\u00e4glich auch die Komplexit\u00e4t von Software- und Hardwareinfrastruktur. Urspr\u00fcngliche Cybersecurity-L\u00f6sungen k\u00f6nnen damit nicht Schritt halten. Bieten Sie jetzt Ihren Kunden attraktive M\u00f6glichkeiten an, um sie bestm\u00f6glich vor Ransomware und anderen Cyberangriffen zu sch\u00fctzen.<\/p><\/div><\/div><\/div><\/div><\/div><\/div><\/div><\/div><\/div><\/div><\/div><\/div><\/div><\/div><\/div><\/div><\/div><\/div>\t\t\t\t\t\t\t\t<\/div>\n\t\t\t\t<\/div>\n\t\t\t\t<div class=\"elementor-element elementor-element-8ff7767 elementor-align-center elementor-widget elementor-widget-button\" data-id=\"8ff7767\" data-element_type=\"widget\" data-e-type=\"widget\" data-widget_type=\"button.default\">\n\t\t\t\t<div class=\"elementor-widget-container\">\n\t\t\t\t\t\t\t\t\t<div class=\"elementor-button-wrapper\">\n\t\t\t\t\t<a class=\"elementor-button elementor-button-link elementor-size-sm\" href=\"https:\/\/us02web.zoom.us\/webinar\/register\/9616734405998\/WN_A4bBMqrjRH-RkUJsV6da3w\">\n\t\t\t\t\t\t<span class=\"elementor-button-content-wrapper\">\n\t\t\t\t\t\t\t\t\t<span class=\"elementor-button-text\">Jetzt Anmelden<\/span>\n\t\t\t\t\t<\/span>\n\t\t\t\t\t<\/a>\n\t\t\t\t<\/div>\n\t\t\t\t\t\t\t\t<\/div>\n\t\t\t\t<\/div>\n\t\t\t\t<\/div>\n\t\t\t\t\t<\/div>\n\t\t\t\t<\/div>\n\t\t\t\t<\/div>\n\t\t","protected":false},"excerpt":{"rendered":"<p>Melden Sie sich jetzt f\u00fcr unser Live Webinar an! Gehackt!? Deutsche Krankenh\u00e4user im Visier von Hackern! \u2026 und in meinem! Webinar am Freitag, 27. Januar 2023 14:00 &#8211; 15:00 Uhr Sprache: Deutsch Jetzt anmelden 27. Januar 2023, 14:00 &#8211; 15:00 Uhr Klicken Sie hier, um sich anzumelden T\u00e4glich erreichen uns neue Horror-Nachrichten von Internet-Kriminalit\u00e4t, \u27a1\ufe0f\u00a0Fast [&hellip;]<\/p>\n","protected":false},"author":1,"featured_media":0,"parent":0,"menu_order":0,"comment_status":"closed","ping_status":"closed","template":"","meta":{"_acf_changed":false,"inline_featured_image":false,"footnotes":""},"class_list":["post-5025","page","type-page","status-publish","hentry"],"acf":[],"yoast_head":"<!-- This site is optimized with the Yoast SEO plugin v27.2 - https:\/\/yoast.com\/product\/yoast-seo-wordpress\/ -->\n<title>[Webinar] Deutsche Krankenh\u00e4user im Visier von Hackern und in meinem<\/title>\n<meta name=\"description\" content=\"Im Webinar erfahren Sie, warum deutsche Krankenh\u00e4user im Visier von Hackern sind und wie sie sich am Besten gegen Cyberangriffe sch\u00fctzen k\u00f6nnen.\" \/>\n<meta name=\"robots\" content=\"index, follow, max-snippet:-1, max-image-preview:large, max-video-preview:-1\" \/>\n<link rel=\"canonical\" href=\"https:\/\/www.forenova.com\/de\/webinar-deutsche-krankenhaeuser-im-visier-von-hackern-und-in-meinem\/\" \/>\n<meta property=\"og:locale\" content=\"de_DE\" \/>\n<meta property=\"og:type\" content=\"article\" \/>\n<meta property=\"og:title\" content=\"[Webinar] Deutsche Krankenh\u00e4user im Visier von Hackern und in meinem\" \/>\n<meta property=\"og:description\" content=\"Im Webinar erfahren Sie, warum deutsche Krankenh\u00e4user im Visier von Hackern sind und wie sie sich am Besten gegen Cyberangriffe sch\u00fctzen k\u00f6nnen.\" \/>\n<meta property=\"og:url\" content=\"https:\/\/www.forenova.com\/de\/webinar-deutsche-krankenhaeuser-im-visier-von-hackern-und-in-meinem\/\" \/>\n<meta property=\"og:site_name\" content=\"Forenova\" \/>\n<meta property=\"article:modified_time\" content=\"2024-12-30T13:51:48+00:00\" \/>\n<meta property=\"og:image\" content=\"https:\/\/www.forenova.com\/wp-content\/uploads\/2024\/11\/Zoom-Profilbild.webp\" \/>\n<meta name=\"twitter:card\" content=\"summary_large_image\" \/>\n<meta name=\"twitter:label1\" content=\"Est. reading time\" \/>\n\t<meta name=\"twitter:data1\" content=\"2 Minuten\" \/>\n<script type=\"application\/ld+json\" class=\"yoast-schema-graph\">{\"@context\":\"https:\/\/schema.org\",\"@graph\":[{\"@type\":\"WebPage\",\"@id\":\"https:\/\/www.forenova.com\/de\/webinar-deutsche-krankenhaeuser-im-visier-von-hackern-und-in-meinem\/\",\"url\":\"https:\/\/www.forenova.com\/de\/webinar-deutsche-krankenhaeuser-im-visier-von-hackern-und-in-meinem\/\",\"name\":\"[Webinar] Deutsche Krankenh\u00e4user im Visier von Hackern und in meinem\",\"isPartOf\":{\"@id\":\"https:\/\/www.forenova.com\/de\/#website\"},\"primaryImageOfPage\":{\"@id\":\"https:\/\/www.forenova.com\/de\/webinar-deutsche-krankenhaeuser-im-visier-von-hackern-und-in-meinem\/#primaryimage\"},\"image\":{\"@id\":\"https:\/\/www.forenova.com\/de\/webinar-deutsche-krankenhaeuser-im-visier-von-hackern-und-in-meinem\/#primaryimage\"},\"thumbnailUrl\":\"https:\/\/www.forenova.com\/wp-content\/uploads\/2024\/11\/Zoom-Profilbild.webp\",\"datePublished\":\"2024-11-27T11:13:05+00:00\",\"dateModified\":\"2024-12-30T13:51:48+00:00\",\"description\":\"Im Webinar erfahren Sie, warum deutsche Krankenh\u00e4user im Visier von Hackern sind und wie sie sich am Besten gegen Cyberangriffe sch\u00fctzen k\u00f6nnen.\",\"breadcrumb\":{\"@id\":\"https:\/\/www.forenova.com\/de\/webinar-deutsche-krankenhaeuser-im-visier-von-hackern-und-in-meinem\/#breadcrumb\"},\"inLanguage\":\"de-DE\",\"potentialAction\":[{\"@type\":\"ReadAction\",\"target\":[\"https:\/\/www.forenova.com\/de\/webinar-deutsche-krankenhaeuser-im-visier-von-hackern-und-in-meinem\/\"]}]},{\"@type\":\"ImageObject\",\"inLanguage\":\"de-DE\",\"@id\":\"https:\/\/www.forenova.com\/de\/webinar-deutsche-krankenhaeuser-im-visier-von-hackern-und-in-meinem\/#primaryimage\",\"url\":\"https:\/\/www.forenova.com\/wp-content\/uploads\/2024\/11\/Zoom-Profilbild.webp\",\"contentUrl\":\"https:\/\/www.forenova.com\/wp-content\/uploads\/2024\/11\/Zoom-Profilbild.webp\"},{\"@type\":\"BreadcrumbList\",\"@id\":\"https:\/\/www.forenova.com\/de\/webinar-deutsche-krankenhaeuser-im-visier-von-hackern-und-in-meinem\/#breadcrumb\",\"itemListElement\":[{\"@type\":\"ListItem\",\"position\":1,\"name\":\"Home\",\"item\":\"https:\/\/www.forenova.com\/de\/\"},{\"@type\":\"ListItem\",\"position\":2,\"name\":\"[Webinar] Deutsche Krankenh\u00e4user im Visier von Hackern und in meinem\"}]},{\"@type\":\"WebSite\",\"@id\":\"https:\/\/www.forenova.com\/de\/#website\",\"url\":\"https:\/\/www.forenova.com\/de\/\",\"name\":\"Forenova\",\"description\":\"Forenova\",\"publisher\":{\"@id\":\"https:\/\/www.forenova.com\/de\/#organization\"},\"potentialAction\":[{\"@type\":\"SearchAction\",\"target\":{\"@type\":\"EntryPoint\",\"urlTemplate\":\"https:\/\/www.forenova.com\/de\/?s={search_term_string}\"},\"query-input\":{\"@type\":\"PropertyValueSpecification\",\"valueRequired\":true,\"valueName\":\"search_term_string\"}}],\"inLanguage\":\"de-DE\"},{\"@type\":\"Organization\",\"@id\":\"https:\/\/www.forenova.com\/de\/#organization\",\"name\":\"Forenova\",\"url\":\"https:\/\/www.forenova.com\/de\/\",\"logo\":{\"@type\":\"ImageObject\",\"inLanguage\":\"de-DE\",\"@id\":\"https:\/\/www.forenova.com\/de\/#\/schema\/logo\/image\/\",\"url\":\"https:\/\/www.forenova.com\/wp-content\/uploads\/2024\/10\/ForeNova_logo.webp\",\"contentUrl\":\"https:\/\/www.forenova.com\/wp-content\/uploads\/2024\/10\/ForeNova_logo.webp\",\"width\":230,\"height\":41,\"caption\":\"Forenova\"},\"image\":{\"@id\":\"https:\/\/www.forenova.com\/de\/#\/schema\/logo\/image\/\"}}]}<\/script>\n<!-- \/ Yoast SEO plugin. -->","yoast_head_json":{"title":"[Webinar] Deutsche Krankenh\u00e4user im Visier von Hackern und in meinem","description":"Im Webinar erfahren Sie, warum deutsche Krankenh\u00e4user im Visier von Hackern sind und wie sie sich am Besten gegen Cyberangriffe sch\u00fctzen k\u00f6nnen.","robots":{"index":"index","follow":"follow","max-snippet":"max-snippet:-1","max-image-preview":"max-image-preview:large","max-video-preview":"max-video-preview:-1"},"canonical":"https:\/\/www.forenova.com\/de\/webinar-deutsche-krankenhaeuser-im-visier-von-hackern-und-in-meinem\/","og_locale":"de_DE","og_type":"article","og_title":"[Webinar] Deutsche Krankenh\u00e4user im Visier von Hackern und in meinem","og_description":"Im Webinar erfahren Sie, warum deutsche Krankenh\u00e4user im Visier von Hackern sind und wie sie sich am Besten gegen Cyberangriffe sch\u00fctzen k\u00f6nnen.","og_url":"https:\/\/www.forenova.com\/de\/webinar-deutsche-krankenhaeuser-im-visier-von-hackern-und-in-meinem\/","og_site_name":"Forenova","article_modified_time":"2024-12-30T13:51:48+00:00","og_image":[{"url":"https:\/\/www.forenova.com\/wp-content\/uploads\/2024\/11\/Zoom-Profilbild.webp","type":"","width":"","height":""}],"twitter_card":"summary_large_image","twitter_misc":{"Est. reading time":"2 Minuten"},"schema":{"@context":"https:\/\/schema.org","@graph":[{"@type":"WebPage","@id":"https:\/\/www.forenova.com\/de\/webinar-deutsche-krankenhaeuser-im-visier-von-hackern-und-in-meinem\/","url":"https:\/\/www.forenova.com\/de\/webinar-deutsche-krankenhaeuser-im-visier-von-hackern-und-in-meinem\/","name":"[Webinar] Deutsche Krankenh\u00e4user im Visier von Hackern und in meinem","isPartOf":{"@id":"https:\/\/www.forenova.com\/de\/#website"},"primaryImageOfPage":{"@id":"https:\/\/www.forenova.com\/de\/webinar-deutsche-krankenhaeuser-im-visier-von-hackern-und-in-meinem\/#primaryimage"},"image":{"@id":"https:\/\/www.forenova.com\/de\/webinar-deutsche-krankenhaeuser-im-visier-von-hackern-und-in-meinem\/#primaryimage"},"thumbnailUrl":"https:\/\/www.forenova.com\/wp-content\/uploads\/2024\/11\/Zoom-Profilbild.webp","datePublished":"2024-11-27T11:13:05+00:00","dateModified":"2024-12-30T13:51:48+00:00","description":"Im Webinar erfahren Sie, warum deutsche Krankenh\u00e4user im Visier von Hackern sind und wie sie sich am Besten gegen Cyberangriffe sch\u00fctzen k\u00f6nnen.","breadcrumb":{"@id":"https:\/\/www.forenova.com\/de\/webinar-deutsche-krankenhaeuser-im-visier-von-hackern-und-in-meinem\/#breadcrumb"},"inLanguage":"de-DE","potentialAction":[{"@type":"ReadAction","target":["https:\/\/www.forenova.com\/de\/webinar-deutsche-krankenhaeuser-im-visier-von-hackern-und-in-meinem\/"]}]},{"@type":"ImageObject","inLanguage":"de-DE","@id":"https:\/\/www.forenova.com\/de\/webinar-deutsche-krankenhaeuser-im-visier-von-hackern-und-in-meinem\/#primaryimage","url":"https:\/\/www.forenova.com\/wp-content\/uploads\/2024\/11\/Zoom-Profilbild.webp","contentUrl":"https:\/\/www.forenova.com\/wp-content\/uploads\/2024\/11\/Zoom-Profilbild.webp"},{"@type":"BreadcrumbList","@id":"https:\/\/www.forenova.com\/de\/webinar-deutsche-krankenhaeuser-im-visier-von-hackern-und-in-meinem\/#breadcrumb","itemListElement":[{"@type":"ListItem","position":1,"name":"Home","item":"https:\/\/www.forenova.com\/de\/"},{"@type":"ListItem","position":2,"name":"[Webinar] Deutsche Krankenh\u00e4user im Visier von Hackern und in meinem"}]},{"@type":"WebSite","@id":"https:\/\/www.forenova.com\/de\/#website","url":"https:\/\/www.forenova.com\/de\/","name":"Forenova","description":"Forenova","publisher":{"@id":"https:\/\/www.forenova.com\/de\/#organization"},"potentialAction":[{"@type":"SearchAction","target":{"@type":"EntryPoint","urlTemplate":"https:\/\/www.forenova.com\/de\/?s={search_term_string}"},"query-input":{"@type":"PropertyValueSpecification","valueRequired":true,"valueName":"search_term_string"}}],"inLanguage":"de-DE"},{"@type":"Organization","@id":"https:\/\/www.forenova.com\/de\/#organization","name":"Forenova","url":"https:\/\/www.forenova.com\/de\/","logo":{"@type":"ImageObject","inLanguage":"de-DE","@id":"https:\/\/www.forenova.com\/de\/#\/schema\/logo\/image\/","url":"https:\/\/www.forenova.com\/wp-content\/uploads\/2024\/10\/ForeNova_logo.webp","contentUrl":"https:\/\/www.forenova.com\/wp-content\/uploads\/2024\/10\/ForeNova_logo.webp","width":230,"height":41,"caption":"Forenova"},"image":{"@id":"https:\/\/www.forenova.com\/de\/#\/schema\/logo\/image\/"}}]}},"_links":{"self":[{"href":"https:\/\/www.forenova.com\/de\/wp-json\/wp\/v2\/pages\/5025","targetHints":{"allow":["GET"]}}],"collection":[{"href":"https:\/\/www.forenova.com\/de\/wp-json\/wp\/v2\/pages"}],"about":[{"href":"https:\/\/www.forenova.com\/de\/wp-json\/wp\/v2\/types\/page"}],"author":[{"embeddable":true,"href":"https:\/\/www.forenova.com\/de\/wp-json\/wp\/v2\/users\/1"}],"replies":[{"embeddable":true,"href":"https:\/\/www.forenova.com\/de\/wp-json\/wp\/v2\/comments?post=5025"}],"version-history":[{"count":0,"href":"https:\/\/www.forenova.com\/de\/wp-json\/wp\/v2\/pages\/5025\/revisions"}],"wp:attachment":[{"href":"https:\/\/www.forenova.com\/de\/wp-json\/wp\/v2\/media?parent=5025"}],"curies":[{"name":"wp","href":"https:\/\/api.w.org\/{rel}","templated":true}]}}