{"id":5033,"date":"2024-11-27T12:06:05","date_gmt":"2024-11-27T12:06:05","guid":{"rendered":"https:\/\/www.forenova.com\/webinar-it-security-experts-wanted-the-situation-and-solutions\/"},"modified":"2024-12-30T13:51:48","modified_gmt":"2024-12-30T13:51:48","slug":"webinar-it-sicherheitsexperten-gesucht-die-situation-und-loesungen","status":"publish","type":"page","link":"https:\/\/www.forenova.com\/de\/webinar-it-sicherheitsexperten-gesucht-die-situation-und-loesungen\/","title":{"rendered":"[Webinar] IT-Sicherheitsexperten gesucht &#8211; die Situation und L\u00f6sungen"},"content":{"rendered":"\t\t<div data-elementor-type=\"wp-page\" data-elementor-id=\"5033\" class=\"elementor elementor-5033 elementor-5026\" data-elementor-post-type=\"page\">\n\t\t\t\t<div class=\"elementor-element elementor-element-bc0badc e-con-full Banner-career star-element e-flex e-con e-parent\" data-id=\"bc0badc\" data-element_type=\"container\" data-e-type=\"container\" data-settings=\"{&quot;background_background&quot;:&quot;classic&quot;}\">\n\t\t<div class=\"elementor-element elementor-element-351497b e-flex e-con-boxed e-con e-child\" data-id=\"351497b\" data-element_type=\"container\" data-e-type=\"container\">\n\t\t\t\t\t<div class=\"e-con-inner\">\n\t\t<div class=\"elementor-element elementor-element-d1a29ab e-con-full e-flex e-con e-child\" data-id=\"d1a29ab\" data-element_type=\"container\" data-e-type=\"container\" data-settings=\"{&quot;background_background&quot;:&quot;classic&quot;}\">\n\t\t\t\t<div class=\"elementor-element elementor-element-8cd9ced elementor-widget elementor-widget-text-editor\" data-id=\"8cd9ced\" data-element_type=\"widget\" data-e-type=\"widget\" data-widget_type=\"text-editor.default\">\n\t\t\t\t<div class=\"elementor-widget-container\">\n\t\t\t\t\t\t\t\t\t<p id=\"register-now\" data-hs-anchor=\"true\">Melden Sie sich jetzt f\u00fcr unser Live Webinar an!<\/p>\t\t\t\t\t\t\t\t<\/div>\n\t\t\t\t<\/div>\n\t\t\t\t<div class=\"elementor-element elementor-element-d414a91 elementor-widget elementor-widget-heading\" data-id=\"d414a91\" data-element_type=\"widget\" data-e-type=\"widget\" data-widget_type=\"heading.default\">\n\t\t\t\t<div class=\"elementor-widget-container\">\n\t\t\t\t\t<h3 class=\"elementor-heading-title elementor-size-default\">IT-Sicherheitsexperten h\u00e4nderingend gesucht - die Situation und Auswege<\/h3>\t\t\t\t<\/div>\n\t\t\t\t<\/div>\n\t\t\t\t<div class=\"elementor-element elementor-element-1ed1188 elementor-widget elementor-widget-heading\" data-id=\"1ed1188\" data-element_type=\"widget\" data-e-type=\"widget\" data-widget_type=\"heading.default\">\n\t\t\t\t<div class=\"elementor-widget-container\">\n\t\t\t\t\t<h2 class=\"elementor-heading-title elementor-size-default\">Webinar am Donnerstag, 12. Januar 2022 <br>\n\n11:00 - 11:45 Uhr CEST<\/h2>\t\t\t\t<\/div>\n\t\t\t\t<\/div>\n\t\t\t\t<div class=\"elementor-element elementor-element-30c9c9f elementor-widget elementor-widget-heading\" data-id=\"30c9c9f\" data-element_type=\"widget\" data-e-type=\"widget\" data-widget_type=\"heading.default\">\n\t\t\t\t<div class=\"elementor-widget-container\">\n\t\t\t\t\t<h2 class=\"elementor-heading-title elementor-size-default\">Sprache: Deutsch\n\n<\/h2>\t\t\t\t<\/div>\n\t\t\t\t<\/div>\n\t\t\t\t<div class=\"elementor-element elementor-element-8a472f4 elementor-align-center elementor-widget elementor-widget-button\" data-id=\"8a472f4\" data-element_type=\"widget\" data-e-type=\"widget\" data-widget_type=\"button.default\">\n\t\t\t\t<div class=\"elementor-widget-container\">\n\t\t\t\t\t\t\t\t\t<div class=\"elementor-button-wrapper\">\n\t\t\t\t\t<a class=\"elementor-button elementor-button-link elementor-size-sm\" href=\"https:\/\/us02web.zoom.us\/webinar\/register\/2416686776780\/WN_q5YoDHIJTlSPtzFSHLfv9g\">\n\t\t\t\t\t\t<span class=\"elementor-button-content-wrapper\">\n\t\t\t\t\t\t\t\t\t<span class=\"elementor-button-text\">Jetzt anmelden<\/span>\n\t\t\t\t\t<\/span>\n\t\t\t\t\t<\/a>\n\t\t\t\t<\/div>\n\t\t\t\t\t\t\t\t<\/div>\n\t\t\t\t<\/div>\n\t\t\t\t<\/div>\n\t\t\t\t\t<\/div>\n\t\t\t\t<\/div>\n\t\t\t\t<\/div>\n\t\t<div class=\"elementor-element elementor-element-246da27 e-flex e-con-boxed e-con e-parent\" data-id=\"246da27\" data-element_type=\"container\" data-e-type=\"container\">\n\t\t\t\t\t<div class=\"e-con-inner\">\n\t\t<div class=\"elementor-element elementor-element-55d661c e-con-full e-flex e-con e-child\" data-id=\"55d661c\" data-element_type=\"container\" data-e-type=\"container\">\n\t\t\t\t<div class=\"elementor-element elementor-element-faba331 elementor-widget elementor-widget-heading\" data-id=\"faba331\" data-element_type=\"widget\" data-e-type=\"widget\" data-widget_type=\"heading.default\">\n\t\t\t\t<div class=\"elementor-widget-container\">\n\t\t\t\t\t<h2 class=\"elementor-heading-title elementor-size-default\">12. Januar 2023, 11:00 - 11:45 Uhr (CEST)\n<\/h2>\t\t\t\t<\/div>\n\t\t\t\t<\/div>\n\t\t\t\t<div class=\"elementor-element elementor-element-51c899f elementor-align-center elementor-widget elementor-widget-button\" data-id=\"51c899f\" data-element_type=\"widget\" data-e-type=\"widget\" data-widget_type=\"button.default\">\n\t\t\t\t<div class=\"elementor-widget-container\">\n\t\t\t\t\t\t\t\t\t<div class=\"elementor-button-wrapper\">\n\t\t\t\t\t<a class=\"elementor-button elementor-button-link elementor-size-sm\" href=\"https:\/\/us02web.zoom.us\/webinar\/register\/2416686776780\/WN_q5YoDHIJTlSPtzFSHLfv9g\">\n\t\t\t\t\t\t<span class=\"elementor-button-content-wrapper\">\n\t\t\t\t\t\t\t\t\t<span class=\"elementor-button-text\">Klicken Sie hier, um sich anzumelden<\/span>\n\t\t\t\t\t<\/span>\n\t\t\t\t\t<\/a>\n\t\t\t\t<\/div>\n\t\t\t\t\t\t\t\t<\/div>\n\t\t\t\t<\/div>\n\t\t\t\t<div class=\"elementor-element elementor-element-3f82a92 elementor-widget elementor-widget-text-editor\" data-id=\"3f82a92\" data-element_type=\"widget\" data-e-type=\"widget\" data-widget_type=\"text-editor.default\">\n\t\t\t\t<div class=\"elementor-widget-container\">\n\t\t\t\t\t\t\t\t\t<div>Trotz der kriselnden Wirtschaft ist es f\u00fcr Unternehmen \u00e4u\u00dferst schwer Fachkr\u00e4fte im Bereich der Cybersecurity zu finden und zu halten. Verschiedene Studien zeigen, dass viele Gesch\u00e4ftsf\u00fchrer diesen Mangel als Risiko f\u00fcr die Wettbewerbsf\u00e4higkeit und den Wirtschaftsstandort Deutschland sehen.<\/div><div>\u00a0<\/div><div>Doch es gibt Auswege aus dieser Situation. Neben einer m\u00f6glichst hohen Automatisierung von Sicherheitsl\u00f6sungen versprechen vor allem Services eine Entlastung der Unternehmens-IT. Sogar eine sonst schwer auf die Beine zu stellende 24\/7-\u00dcberwachung des Netzwerks und der Endpoints wird dadurch m\u00f6glich.<\/div><div>\u00a0<\/div><div>In unserem Webinar gibt Ihnen Robert Rudolph von ForeNova einen \u00dcberblick \u00fcber Situation, Implikationen und L\u00f6sungsans\u00e4tze.<\/div><div>\u00a0<\/div><div>Wir freuen uns auf Ihre Teilnahme an unserem Webinar!<\/div>\t\t\t\t\t\t\t\t<\/div>\n\t\t\t\t<\/div>\n\t\t<div class=\"elementor-element elementor-element-ad4ca78 e-con-full e-flex e-con e-child\" data-id=\"ad4ca78\" data-element_type=\"container\" data-e-type=\"container\">\n\t\t\t\t<div class=\"elementor-element elementor-element-63369de elementor-widget__width-initial elementor-widget elementor-widget-image\" data-id=\"63369de\" data-element_type=\"widget\" data-e-type=\"widget\" data-widget_type=\"image.default\">\n\t\t\t\t<div class=\"elementor-widget-container\">\n\t\t\t\t\t\t\t\t\t\t\t\t\t\t\t<img fetchpriority=\"high\" decoding=\"async\" width=\"800\" height=\"2000\" src=\"https:\/\/www.forenova.com\/wp-content\/uploads\/2024\/11\/Benefit-Cybersecurity-Experts.webp\" class=\"attachment-full size-full wp-image-4443\" alt=\"\" srcset=\"https:\/\/www.forenova.com\/wp-content\/uploads\/2024\/11\/Benefit-Cybersecurity-Experts.webp 800w, https:\/\/www.forenova.com\/wp-content\/uploads\/2024\/11\/Benefit-Cybersecurity-Experts-120x300.webp 120w, https:\/\/www.forenova.com\/wp-content\/uploads\/2024\/11\/Benefit-Cybersecurity-Experts-410x1024.webp 410w, https:\/\/www.forenova.com\/wp-content\/uploads\/2024\/11\/Benefit-Cybersecurity-Experts-768x1920.webp 768w, https:\/\/www.forenova.com\/wp-content\/uploads\/2024\/11\/Benefit-Cybersecurity-Experts-614x1536.webp 614w\" sizes=\"(max-width: 800px) 100vw, 800px\" \/>\t\t\t\t\t\t\t\t\t\t\t\t\t\t\t<\/div>\n\t\t\t\t<\/div>\n\t\t\t\t<\/div>\n\t\t\t\t<\/div>\n\t\t\t\t\t<\/div>\n\t\t\t\t<\/div>\n\t\t<div class=\"elementor-element elementor-element-06b4548 e-flex e-con-boxed e-con e-parent\" data-id=\"06b4548\" data-element_type=\"container\" data-e-type=\"container\" data-settings=\"{&quot;background_background&quot;:&quot;classic&quot;}\">\n\t\t\t\t\t<div class=\"e-con-inner\">\n\t\t<div class=\"elementor-element elementor-element-bd5a4ce e-con-full e-flex e-con e-child\" data-id=\"bd5a4ce\" data-element_type=\"container\" data-e-type=\"container\">\n\t\t\t\t<div class=\"elementor-element elementor-element-71c78f9 elementor-widget elementor-widget-heading\" data-id=\"71c78f9\" data-element_type=\"widget\" data-e-type=\"widget\" data-widget_type=\"heading.default\">\n\t\t\t\t<div class=\"elementor-widget-container\">\n\t\t\t\t\t<h2 class=\"elementor-heading-title elementor-size-default\">Profitieren Sie von der Erfahrung unserer Security Spezialisten\n<\/h2>\t\t\t\t<\/div>\n\t\t\t\t<\/div>\n\t\t\t\t<div class=\"elementor-element elementor-element-2f932bc elementor-widget elementor-widget-text-editor\" data-id=\"2f932bc\" data-element_type=\"widget\" data-e-type=\"widget\" data-widget_type=\"text-editor.default\">\n\t\t\t\t<div class=\"elementor-widget-container\">\n\t\t\t\t\t\t\t\t\t<div class=\"row-fluid-wrapper row-depth-1 row-number-10 dnd-row\"><div class=\"row-fluid \"><div class=\"span12 widget-span widget-type-custom_widget dnd__experts-module-2-flexbox-positioning dnd-module\" data-widget-type=\"custom_widget\" data-x=\"0\" data-w=\"12\"><div id=\"hs_cos_wrapper_dnd__experts-module-2\" class=\"hs_cos_wrapper hs_cos_wrapper_widget hs_cos_wrapper_type_module widget-type-rich_text widget-type-rich_text\" data-hs-cos-general-type=\"widget\" data-hs-cos-type=\"module\"><div class=\"row-fluid-wrapper row-depth-1 row-number-10 dnd-row\"><div class=\"row-fluid \"><div class=\"span12 widget-span widget-type-custom_widget dnd__experts-module-2-flexbox-positioning dnd-module\" data-widget-type=\"custom_widget\" data-x=\"0\" data-w=\"12\"><div id=\"hs_cos_wrapper_dnd__experts-module-2\" class=\"hs_cos_wrapper hs_cos_wrapper_widget hs_cos_wrapper_type_module widget-type-rich_text widget-type-rich_text\" data-hs-cos-general-type=\"widget\" data-hs-cos-type=\"module\"><div class=\"row-fluid-wrapper row-depth-1 row-number-9 dnd-row\"><div class=\"row-fluid \"><div class=\"span12 widget-span widget-type-custom_widget dnd__experts-module-2-flexbox-positioning dnd-module\" data-widget-type=\"custom_widget\" data-x=\"0\" data-w=\"12\"><div id=\"hs_cos_wrapper_dnd__experts-module-2\" class=\"hs_cos_wrapper hs_cos_wrapper_widget hs_cos_wrapper_type_module widget-type-rich_text widget-type-rich_text\" data-hs-cos-general-type=\"widget\" data-hs-cos-type=\"module\"><p>Wir freuen uns auf Ihre Teilnahme! Sie haben nach dem Webinar die M\u00f6glichkeit, Fragen zu stellen und vom Wissen unserer Experten zu profitieren.<\/p><\/div><\/div><\/div><\/div><\/div><\/div><\/div><\/div><\/div><\/div><\/div><\/div>\t\t\t\t\t\t\t\t<\/div>\n\t\t\t\t<\/div>\n\t\t\t\t<div class=\"elementor-element elementor-element-4534f63 elementor-widget elementor-widget-text-editor\" data-id=\"4534f63\" data-element_type=\"widget\" data-e-type=\"widget\" data-widget_type=\"text-editor.default\">\n\t\t\t\t<div class=\"elementor-widget-container\">\n\t\t\t\t\t\t\t\t\t<div class=\"row-fluid-wrapper row-depth-1 row-number-10 dnd-row\"><div class=\"row-fluid \"><div class=\"span12 widget-span widget-type-custom_widget dnd__experts-module-2-flexbox-positioning dnd-module\" data-widget-type=\"custom_widget\" data-x=\"0\" data-w=\"12\"><div id=\"hs_cos_wrapper_dnd__experts-module-2\" class=\"hs_cos_wrapper hs_cos_wrapper_widget hs_cos_wrapper_type_module widget-type-rich_text widget-type-rich_text\" data-hs-cos-general-type=\"widget\" data-hs-cos-type=\"module\"><div class=\"row-fluid-wrapper row-depth-1 row-number-11 dnd__experts-column-1-row-1-vertical-alignment dnd-row\"><div class=\"row-fluid \"><div class=\"span12 widget-span widget-type-cell dnd-column cell_1656492114626-vertical-alignment\" data-widget-type=\"cell\" data-x=\"0\" data-w=\"12\"><div class=\"row-fluid-wrapper row-depth-1 row-number-12 dnd-row\"><div class=\"row-fluid \"><div class=\"span12 widget-span widget-type-custom_widget dnd-module\" data-widget-type=\"custom_widget\" data-x=\"0\" data-w=\"12\"><div id=\"hs_cos_wrapper_widget_1656491639931\" class=\"hs_cos_wrapper hs_cos_wrapper_widget hs_cos_wrapper_type_module widget-type-rich_text\" data-hs-cos-general-type=\"widget\" data-hs-cos-type=\"module\"><div class=\"row-fluid-wrapper row-depth-1 row-number-11 dnd__experts-column-1-row-1-vertical-alignment dnd-row\"><div class=\"row-fluid \"><div class=\"span12 widget-span widget-type-cell dnd-column cell_1656492114626-vertical-alignment\" data-widget-type=\"cell\" data-x=\"0\" data-w=\"12\"><div class=\"row-fluid-wrapper row-depth-1 row-number-12 dnd-row\"><div class=\"row-fluid \"><div class=\"span12 widget-span widget-type-custom_widget dnd-module\" data-widget-type=\"custom_widget\" data-x=\"0\" data-w=\"12\"><div id=\"hs_cos_wrapper_widget_1656491639931\" class=\"hs_cos_wrapper hs_cos_wrapper_widget hs_cos_wrapper_type_module widget-type-rich_text\" data-hs-cos-general-type=\"widget\" data-hs-cos-type=\"module\"><div class=\"row-fluid-wrapper row-depth-1 row-number-10 dnd__experts-column-1-row-1-vertical-alignment dnd-row\"><div class=\"row-fluid \"><div class=\"span12 widget-span widget-type-cell dnd-column cell_1656492114626-vertical-alignment\" data-widget-type=\"cell\" data-x=\"0\" data-w=\"12\"><div class=\"row-fluid-wrapper row-depth-1 row-number-11 dnd-row\"><div class=\"row-fluid \"><div class=\"span12 widget-span widget-type-custom_widget dnd-module\" data-widget-type=\"custom_widget\" data-x=\"0\" data-w=\"12\"><div id=\"hs_cos_wrapper_widget_1656491639931\" class=\"hs_cos_wrapper hs_cos_wrapper_widget hs_cos_wrapper_type_module widget-type-rich_text\" data-hs-cos-general-type=\"widget\" data-hs-cos-type=\"module\"><p>Firewall, Endpoint Security und Zero Trust Clients sind heutzutage Elemente nahezu jeder Sicherheitsinfrastruktur. Allerdings w\u00e4chst t\u00e4glich auch die Komplexit\u00e4t von Software- und Hardwareinfrastruktur. Urspr\u00fcngliche Cybersecurity-L\u00f6sungen k\u00f6nnen damit nicht Schritt halten. Bieten Sie jetzt Ihren Kunden attraktive M\u00f6glichkeiten an, um sie bestm\u00f6glich vor Ransomware und anderen Cyberangriffen zu sch\u00fctzen.<\/p><\/div><\/div><\/div><\/div><\/div><\/div><\/div><\/div><\/div><\/div><\/div><\/div><\/div><\/div><\/div><\/div><\/div><\/div><\/div><\/div><\/div><\/div><\/div><\/div><\/div>\t\t\t\t\t\t\t\t<\/div>\n\t\t\t\t<\/div>\n\t\t\t\t<div class=\"elementor-element elementor-element-c91fe94 elementor-align-center elementor-widget elementor-widget-button\" data-id=\"c91fe94\" data-element_type=\"widget\" data-e-type=\"widget\" data-widget_type=\"button.default\">\n\t\t\t\t<div class=\"elementor-widget-container\">\n\t\t\t\t\t\t\t\t\t<div class=\"elementor-button-wrapper\">\n\t\t\t\t\t<a class=\"elementor-button elementor-button-link elementor-size-sm\" href=\"https:\/\/us02web.zoom.us\/j\/82519644335?pwd=M3huUXFTSVJnN00yb096azE0MC85Zz09#success\">\n\t\t\t\t\t\t<span class=\"elementor-button-content-wrapper\">\n\t\t\t\t\t\t\t\t\t<span class=\"elementor-button-text\">Jetzt Anmelden<\/span>\n\t\t\t\t\t<\/span>\n\t\t\t\t\t<\/a>\n\t\t\t\t<\/div>\n\t\t\t\t\t\t\t\t<\/div>\n\t\t\t\t<\/div>\n\t\t\t\t<\/div>\n\t\t\t\t\t<\/div>\n\t\t\t\t<\/div>\n\t\t\t\t<\/div>\n\t\t","protected":false},"excerpt":{"rendered":"<p>Melden Sie sich jetzt f\u00fcr unser Live Webinar an! IT-Sicherheitsexperten h\u00e4nderingend gesucht &#8211; die Situation und Auswege Webinar am Donnerstag, 12. Januar 2022 11:00 &#8211; 11:45 Uhr CEST Sprache: Deutsch Jetzt anmelden 12. Januar 2023, 11:00 &#8211; 11:45 Uhr (CEST) Klicken Sie hier, um sich anzumelden Trotz der kriselnden Wirtschaft ist es f\u00fcr Unternehmen \u00e4u\u00dferst [&hellip;]<\/p>\n","protected":false},"author":1,"featured_media":0,"parent":0,"menu_order":0,"comment_status":"closed","ping_status":"closed","template":"","meta":{"_acf_changed":false,"inline_featured_image":false,"footnotes":""},"class_list":["post-5033","page","type-page","status-publish","hentry"],"acf":[],"yoast_head":"<!-- This site is optimized with the Yoast SEO plugin v27.5 - https:\/\/yoast.com\/product\/yoast-seo-wordpress\/ -->\n<title>[Webinar] IT-Sicherheitsexperten gesucht - die Situation und L\u00f6sungen<\/title>\n<meta name=\"description\" content=\"In unserem Webinar am 12.01.2023 erfahren Sie mehr \u00fcber den Fachkr\u00e4ftemangel an Cybersecurity Experten in Deutschland und \u00fcber die Auswege.\" \/>\n<meta name=\"robots\" content=\"index, follow, max-snippet:-1, max-image-preview:large, max-video-preview:-1\" \/>\n<link rel=\"canonical\" href=\"https:\/\/www.forenova.com\/de\/webinar-it-sicherheitsexperten-gesucht-die-situation-und-loesungen\/\" \/>\n<meta property=\"og:locale\" content=\"de_DE\" \/>\n<meta property=\"og:type\" content=\"article\" \/>\n<meta property=\"og:title\" content=\"[Webinar] IT-Sicherheitsexperten gesucht - die Situation und L\u00f6sungen\" \/>\n<meta property=\"og:description\" content=\"In unserem Webinar am 12.01.2023 erfahren Sie mehr \u00fcber den Fachkr\u00e4ftemangel an Cybersecurity Experten in Deutschland und \u00fcber die Auswege.\" \/>\n<meta property=\"og:url\" content=\"https:\/\/www.forenova.com\/de\/webinar-it-sicherheitsexperten-gesucht-die-situation-und-loesungen\/\" \/>\n<meta property=\"og:site_name\" content=\"Forenova\" \/>\n<meta property=\"article:modified_time\" content=\"2024-12-30T13:51:48+00:00\" \/>\n<meta property=\"og:image\" content=\"https:\/\/www.forenova.com\/wp-content\/uploads\/2024\/11\/Benefit-Cybersecurity-Experts.webp\" \/>\n<meta name=\"twitter:card\" content=\"summary_large_image\" \/>\n<meta name=\"twitter:label1\" content=\"Est. reading time\" \/>\n\t<meta name=\"twitter:data1\" content=\"2 Minuten\" \/>\n<script type=\"application\/ld+json\" class=\"yoast-schema-graph\">{\"@context\":\"https:\\\/\\\/schema.org\",\"@graph\":[{\"@type\":\"WebPage\",\"@id\":\"https:\\\/\\\/www.forenova.com\\\/de\\\/webinar-it-sicherheitsexperten-gesucht-die-situation-und-loesungen\\\/\",\"url\":\"https:\\\/\\\/www.forenova.com\\\/de\\\/webinar-it-sicherheitsexperten-gesucht-die-situation-und-loesungen\\\/\",\"name\":\"[Webinar] IT-Sicherheitsexperten gesucht - die Situation und L\u00f6sungen\",\"isPartOf\":{\"@id\":\"https:\\\/\\\/www.forenova.com\\\/de\\\/#website\"},\"primaryImageOfPage\":{\"@id\":\"https:\\\/\\\/www.forenova.com\\\/de\\\/webinar-it-sicherheitsexperten-gesucht-die-situation-und-loesungen\\\/#primaryimage\"},\"image\":{\"@id\":\"https:\\\/\\\/www.forenova.com\\\/de\\\/webinar-it-sicherheitsexperten-gesucht-die-situation-und-loesungen\\\/#primaryimage\"},\"thumbnailUrl\":\"https:\\\/\\\/www.forenova.com\\\/wp-content\\\/uploads\\\/2024\\\/11\\\/Benefit-Cybersecurity-Experts.webp\",\"datePublished\":\"2024-11-27T12:06:05+00:00\",\"dateModified\":\"2024-12-30T13:51:48+00:00\",\"description\":\"In unserem Webinar am 12.01.2023 erfahren Sie mehr \u00fcber den Fachkr\u00e4ftemangel an Cybersecurity Experten in Deutschland und \u00fcber die Auswege.\",\"breadcrumb\":{\"@id\":\"https:\\\/\\\/www.forenova.com\\\/de\\\/webinar-it-sicherheitsexperten-gesucht-die-situation-und-loesungen\\\/#breadcrumb\"},\"inLanguage\":\"de-DE\",\"potentialAction\":[{\"@type\":\"ReadAction\",\"target\":[\"https:\\\/\\\/www.forenova.com\\\/de\\\/webinar-it-sicherheitsexperten-gesucht-die-situation-und-loesungen\\\/\"]}]},{\"@type\":\"ImageObject\",\"inLanguage\":\"de-DE\",\"@id\":\"https:\\\/\\\/www.forenova.com\\\/de\\\/webinar-it-sicherheitsexperten-gesucht-die-situation-und-loesungen\\\/#primaryimage\",\"url\":\"https:\\\/\\\/www.forenova.com\\\/wp-content\\\/uploads\\\/2024\\\/11\\\/Benefit-Cybersecurity-Experts.webp\",\"contentUrl\":\"https:\\\/\\\/www.forenova.com\\\/wp-content\\\/uploads\\\/2024\\\/11\\\/Benefit-Cybersecurity-Experts.webp\"},{\"@type\":\"BreadcrumbList\",\"@id\":\"https:\\\/\\\/www.forenova.com\\\/de\\\/webinar-it-sicherheitsexperten-gesucht-die-situation-und-loesungen\\\/#breadcrumb\",\"itemListElement\":[{\"@type\":\"ListItem\",\"position\":1,\"name\":\"Home\",\"item\":\"https:\\\/\\\/www.forenova.com\\\/de\\\/\"},{\"@type\":\"ListItem\",\"position\":2,\"name\":\"[Webinar] IT-Sicherheitsexperten gesucht &#8211; die Situation und L\u00f6sungen\"}]},{\"@type\":\"WebSite\",\"@id\":\"https:\\\/\\\/www.forenova.com\\\/de\\\/#website\",\"url\":\"https:\\\/\\\/www.forenova.com\\\/de\\\/\",\"name\":\"Forenova\",\"description\":\"Forenova\",\"publisher\":{\"@id\":\"https:\\\/\\\/www.forenova.com\\\/de\\\/#organization\"},\"potentialAction\":[{\"@type\":\"SearchAction\",\"target\":{\"@type\":\"EntryPoint\",\"urlTemplate\":\"https:\\\/\\\/www.forenova.com\\\/de\\\/?s={search_term_string}\"},\"query-input\":{\"@type\":\"PropertyValueSpecification\",\"valueRequired\":true,\"valueName\":\"search_term_string\"}}],\"inLanguage\":\"de-DE\"},{\"@type\":\"Organization\",\"@id\":\"https:\\\/\\\/www.forenova.com\\\/de\\\/#organization\",\"name\":\"Forenova\",\"url\":\"https:\\\/\\\/www.forenova.com\\\/de\\\/\",\"logo\":{\"@type\":\"ImageObject\",\"inLanguage\":\"de-DE\",\"@id\":\"https:\\\/\\\/www.forenova.com\\\/de\\\/#\\\/schema\\\/logo\\\/image\\\/\",\"url\":\"https:\\\/\\\/www.forenova.com\\\/wp-content\\\/uploads\\\/2024\\\/10\\\/ForeNova_logo.webp\",\"contentUrl\":\"https:\\\/\\\/www.forenova.com\\\/wp-content\\\/uploads\\\/2024\\\/10\\\/ForeNova_logo.webp\",\"width\":230,\"height\":41,\"caption\":\"Forenova\"},\"image\":{\"@id\":\"https:\\\/\\\/www.forenova.com\\\/de\\\/#\\\/schema\\\/logo\\\/image\\\/\"}}]}<\/script>\n<!-- \/ Yoast SEO plugin. -->","yoast_head_json":{"title":"[Webinar] IT-Sicherheitsexperten gesucht - die Situation und L\u00f6sungen","description":"In unserem Webinar am 12.01.2023 erfahren Sie mehr \u00fcber den Fachkr\u00e4ftemangel an Cybersecurity Experten in Deutschland und \u00fcber die Auswege.","robots":{"index":"index","follow":"follow","max-snippet":"max-snippet:-1","max-image-preview":"max-image-preview:large","max-video-preview":"max-video-preview:-1"},"canonical":"https:\/\/www.forenova.com\/de\/webinar-it-sicherheitsexperten-gesucht-die-situation-und-loesungen\/","og_locale":"de_DE","og_type":"article","og_title":"[Webinar] IT-Sicherheitsexperten gesucht - die Situation und L\u00f6sungen","og_description":"In unserem Webinar am 12.01.2023 erfahren Sie mehr \u00fcber den Fachkr\u00e4ftemangel an Cybersecurity Experten in Deutschland und \u00fcber die Auswege.","og_url":"https:\/\/www.forenova.com\/de\/webinar-it-sicherheitsexperten-gesucht-die-situation-und-loesungen\/","og_site_name":"Forenova","article_modified_time":"2024-12-30T13:51:48+00:00","og_image":[{"url":"https:\/\/www.forenova.com\/wp-content\/uploads\/2024\/11\/Benefit-Cybersecurity-Experts.webp","type":"","width":"","height":""}],"twitter_card":"summary_large_image","twitter_misc":{"Est. reading time":"2 Minuten"},"schema":{"@context":"https:\/\/schema.org","@graph":[{"@type":"WebPage","@id":"https:\/\/www.forenova.com\/de\/webinar-it-sicherheitsexperten-gesucht-die-situation-und-loesungen\/","url":"https:\/\/www.forenova.com\/de\/webinar-it-sicherheitsexperten-gesucht-die-situation-und-loesungen\/","name":"[Webinar] IT-Sicherheitsexperten gesucht - die Situation und L\u00f6sungen","isPartOf":{"@id":"https:\/\/www.forenova.com\/de\/#website"},"primaryImageOfPage":{"@id":"https:\/\/www.forenova.com\/de\/webinar-it-sicherheitsexperten-gesucht-die-situation-und-loesungen\/#primaryimage"},"image":{"@id":"https:\/\/www.forenova.com\/de\/webinar-it-sicherheitsexperten-gesucht-die-situation-und-loesungen\/#primaryimage"},"thumbnailUrl":"https:\/\/www.forenova.com\/wp-content\/uploads\/2024\/11\/Benefit-Cybersecurity-Experts.webp","datePublished":"2024-11-27T12:06:05+00:00","dateModified":"2024-12-30T13:51:48+00:00","description":"In unserem Webinar am 12.01.2023 erfahren Sie mehr \u00fcber den Fachkr\u00e4ftemangel an Cybersecurity Experten in Deutschland und \u00fcber die Auswege.","breadcrumb":{"@id":"https:\/\/www.forenova.com\/de\/webinar-it-sicherheitsexperten-gesucht-die-situation-und-loesungen\/#breadcrumb"},"inLanguage":"de-DE","potentialAction":[{"@type":"ReadAction","target":["https:\/\/www.forenova.com\/de\/webinar-it-sicherheitsexperten-gesucht-die-situation-und-loesungen\/"]}]},{"@type":"ImageObject","inLanguage":"de-DE","@id":"https:\/\/www.forenova.com\/de\/webinar-it-sicherheitsexperten-gesucht-die-situation-und-loesungen\/#primaryimage","url":"https:\/\/www.forenova.com\/wp-content\/uploads\/2024\/11\/Benefit-Cybersecurity-Experts.webp","contentUrl":"https:\/\/www.forenova.com\/wp-content\/uploads\/2024\/11\/Benefit-Cybersecurity-Experts.webp"},{"@type":"BreadcrumbList","@id":"https:\/\/www.forenova.com\/de\/webinar-it-sicherheitsexperten-gesucht-die-situation-und-loesungen\/#breadcrumb","itemListElement":[{"@type":"ListItem","position":1,"name":"Home","item":"https:\/\/www.forenova.com\/de\/"},{"@type":"ListItem","position":2,"name":"[Webinar] IT-Sicherheitsexperten gesucht &#8211; die Situation und L\u00f6sungen"}]},{"@type":"WebSite","@id":"https:\/\/www.forenova.com\/de\/#website","url":"https:\/\/www.forenova.com\/de\/","name":"Forenova","description":"Forenova","publisher":{"@id":"https:\/\/www.forenova.com\/de\/#organization"},"potentialAction":[{"@type":"SearchAction","target":{"@type":"EntryPoint","urlTemplate":"https:\/\/www.forenova.com\/de\/?s={search_term_string}"},"query-input":{"@type":"PropertyValueSpecification","valueRequired":true,"valueName":"search_term_string"}}],"inLanguage":"de-DE"},{"@type":"Organization","@id":"https:\/\/www.forenova.com\/de\/#organization","name":"Forenova","url":"https:\/\/www.forenova.com\/de\/","logo":{"@type":"ImageObject","inLanguage":"de-DE","@id":"https:\/\/www.forenova.com\/de\/#\/schema\/logo\/image\/","url":"https:\/\/www.forenova.com\/wp-content\/uploads\/2024\/10\/ForeNova_logo.webp","contentUrl":"https:\/\/www.forenova.com\/wp-content\/uploads\/2024\/10\/ForeNova_logo.webp","width":230,"height":41,"caption":"Forenova"},"image":{"@id":"https:\/\/www.forenova.com\/de\/#\/schema\/logo\/image\/"}}]}},"_links":{"self":[{"href":"https:\/\/www.forenova.com\/de\/wp-json\/wp\/v2\/pages\/5033","targetHints":{"allow":["GET"]}}],"collection":[{"href":"https:\/\/www.forenova.com\/de\/wp-json\/wp\/v2\/pages"}],"about":[{"href":"https:\/\/www.forenova.com\/de\/wp-json\/wp\/v2\/types\/page"}],"author":[{"embeddable":true,"href":"https:\/\/www.forenova.com\/de\/wp-json\/wp\/v2\/users\/1"}],"replies":[{"embeddable":true,"href":"https:\/\/www.forenova.com\/de\/wp-json\/wp\/v2\/comments?post=5033"}],"version-history":[{"count":0,"href":"https:\/\/www.forenova.com\/de\/wp-json\/wp\/v2\/pages\/5033\/revisions"}],"wp:attachment":[{"href":"https:\/\/www.forenova.com\/de\/wp-json\/wp\/v2\/media?parent=5033"}],"curies":[{"name":"wp","href":"https:\/\/api.w.org\/{rel}","templated":true}]}}